{"id":100,"date":"2021-11-01T19:47:49","date_gmt":"2021-11-01T19:47:49","guid":{"rendered":"http:\/\/br1056.teste.website\/~panor514\/revista.panoramacritico.com\/?page_id=100"},"modified":"2022-06-08T20:22:16","modified_gmt":"2022-06-08T20:22:16","slug":"submissao","status":"publish","type":"page","link":"https:\/\/panoramacritico.com\/revista\/submissao\/","title":{"rendered":"Submiss\u00e3o"},"content":{"rendered":"\n<h2 class=\"wp-block-heading\" id=\"submissoes-para-publicacao-de-textos-em-fluxo-continuo\">Submiss\u00f5es para publica\u00e7\u00e3o de textos em fluxo cont\u00ednuo<\/h2>\n\n\n\n<p>Panorama Cr\u00edtico mant\u00e9m abertas em fluxo cont\u00ednuo as submiss\u00f5es para publica\u00e7\u00e3o de textos. Todos os textos submetidos devem observar as <strong><a href=\"#normas\" data-type=\"internal\" data-id=\"#normas\">normas editoriais<\/a><\/strong> da Revista Panorama Cr\u00edtico. <br><br>A submiss\u00e3o deve ser realizada diretamente atrav\u00e9s do <a href=\"#envio\">formul\u00e1rio abaixo<\/a>.<\/p>\n\n\n\n<p>Os trabalhos submetidos devem ser in\u00e9ditos. N\u00e3o ser\u00e3o aceitos trabalhos anteriormente publicados. Ao submeter seu trabalho para avalia\u00e7\u00e3o, o(a) autor(a) garante o direito de exclusividade \u00e0 revista Panorama Cr\u00edtico at\u00e9 o recebimento do parecer e\/ou publica\u00e7\u00e3o na revista. S\u00f3 ser\u00e3o avaliadas as submiss\u00f5es que estejam em concord\u00e2ncia com o perfil e com o formato da revista, e que estejam de acordo com as <a href=\"#normas\">normas <\/a>da publica\u00e7\u00e3o.<\/p>\n\n\n\n<p class=\"has-vivid-red-color has-text-color\"><strong>Os textos enviados devem, obrigatoriamente, seguir o modelo padr\u00e3o fornecidos pela revista.<\/strong><\/p>\n\n\n\n<p>Artigos fora das <a href=\"#normas\" data-type=\"internal\" data-id=\"#normas\">normas <\/a>ou diretrizes n\u00e3o ser\u00e3o avaliados e ser\u00e3o devolvidos aos autores, ou \u00e0s autoras para a correta adequa\u00e7\u00e3o. Artigos rejeitados n\u00e3o ser\u00e3o aceitos em nova chamada. \u00c9 de responsabilidade do(s) autor(es) ou autor(as) a revis\u00e3o ortogr\u00e1fica, gramatical e estil\u00edstica dos artigos.<\/p>\n\n\n\n<p>N\u00e3o h\u00e1 cobran\u00e7a de nenhum tipo de taxa para envio ou processamento de trabalhos.<\/p>\n\n\n\n<hr class=\"wp-block-separator has-css-opacity\"\/>\n\n\n\n<h2 class=\"wp-block-heading\" id=\"envio\">Formul\u00e1rio de envio<\/h2>\n\n\n<p class=\"wpcf7-subscribers-only\">Este formul\u00e1rio de contato est\u00e1 dispon\u00edvel apenas para usu\u00e1rios conectados.<\/p>\n\n\n\n<h2 class=\"wp-block-heading\" id=\"normas\">Normas para submiss\u00e3o:<\/h2>\n\n\n\n<p><strong>Artigos<br><\/strong>Limite de texto: Entre 20.000 e 40.000 caracteres, contando refer\u00eancias e espa\u00e7os.<\/p>\n\n\n\n<p><strong>Ensaios<br><\/strong>Limite de texto: Entre 5.000 e 10.000 caracteres, contando refer\u00eancias e espa\u00e7os.<\/p>\n\n\n\n<p> <strong>Entrevistas<br><\/strong> Limite de texto: Entre 5.000 e 10.000 caracteres, contando refer\u00eancias e espa\u00e7os.<\/p>\n\n\n\n<p class=\"has-vivid-red-color has-text-color\"><strong><a href=\"https:\/\/panoramacritico.com\/revista\/wp-content\/uploads\/2021\/11\/PanoramaCritico_Modelo.docx\" target=\"_blank\" rel=\"noreferrer noopener\">Modelo para envio de arquivos<\/a><\/strong><\/p>\n\n\n\n<h2 class=\"wp-block-heading\" id=\"direito-autoral\">Direito Autoral<\/h2>\n\n\n\n<p>Os autores ou autoras de trabalhos submetidos \u00e0 Panorama Cr\u00edtico autorizam sua publica\u00e7\u00e3o, permitindo sua reprodu\u00e7\u00e3o desde que citada a fonte. Os mesmos atestam sua originalidade, autoria e ineditismo.<\/p>\n\n\n\n<p>As imagens utilizadas nos textos devem ter autoriza\u00e7\u00e3o de uso ou serem de dom\u00ednio p\u00fablico. A Panorama Cr\u00edtico n\u00e3o se responsabiliza pela utiliza\u00e7\u00e3o indevida de imagens.<\/p>\n\n\n\n<p>Os textos publicados, assim como as imagens que os acompanham, s\u00e3o de inteira responsabilidade de seus respectivos autores. A revista n\u00e3o se responsabiliza por quaisquer poss\u00edveis danos decorrentes que venham a ocorrer devido ao conte\u00fado dos textos. Os textos autorais aqui publicados n\u00e3o refletem, necessariamente, a opini\u00e3o da revista, dos editores e do seu conselho editorial.<\/p>\n\n\n\n<h2 class=\"wp-block-heading\" id=\"politica-de-privacidade\">Pol\u00edtica de Privacidade<\/h2>\n\n\n\n<p>Os dados dos autores cadastrados na revista n\u00e3o ser\u00e3o disponibilizados para terceiros ou para outras finalidades al\u00e9m da publica\u00e7\u00e3o e sua divulga\u00e7\u00e3o.<\/p>\n\n\n\n<hr class=\"wp-block-separator has-css-opacity\"\/>\n\n\n\n<p class=\"has-text-align-left\"> <strong>D\u00favidas?<\/strong> <a href=\"https:\/\/panoramacritico.com\/revista\/fale-conosco\/\" data-type=\"page\" data-id=\"88\">Entre em contato<\/a> <\/p>\n","protected":false},"excerpt":{"rendered":"<p>Submiss\u00f5es para publica\u00e7\u00e3o de textos em fluxo cont\u00ednuo Panorama Cr\u00edtico mant\u00e9m abertas em fluxo cont\u00ednuo as submiss\u00f5es para publica\u00e7\u00e3o de textos. Todos os textos submetidos devem observar as normas editoriais da Revista Panorama Cr\u00edtico. A submiss\u00e3o deve ser realizada diretamente atrav\u00e9s do formul\u00e1rio abaixo. Os trabalhos submetidos devem ser in\u00e9ditos. N\u00e3o ser\u00e3o aceitos trabalhos anteriormente [&hellip;]<\/p>\n","protected":false},"author":1,"featured_media":63,"parent":0,"menu_order":0,"comment_status":"closed","ping_status":"closed","template":"","meta":{"footnotes":""},"class_list":["post-100","page","type-page","status-publish","has-post-thumbnail","hentry","post","post-with-thumbnail","post-with-thumbnail-large"],"_links":{"self":[{"href":"https:\/\/panoramacritico.com\/revista\/wp-json\/wp\/v2\/pages\/100","targetHints":{"allow":["GET"]}}],"collection":[{"href":"https:\/\/panoramacritico.com\/revista\/wp-json\/wp\/v2\/pages"}],"about":[{"href":"https:\/\/panoramacritico.com\/revista\/wp-json\/wp\/v2\/types\/page"}],"author":[{"embeddable":true,"href":"https:\/\/panoramacritico.com\/revista\/wp-json\/wp\/v2\/users\/1"}],"replies":[{"embeddable":true,"href":"https:\/\/panoramacritico.com\/revista\/wp-json\/wp\/v2\/comments?post=100"}],"version-history":[{"count":37,"href":"https:\/\/panoramacritico.com\/revista\/wp-json\/wp\/v2\/pages\/100\/revisions"}],"predecessor-version":[{"id":2254,"href":"https:\/\/panoramacritico.com\/revista\/wp-json\/wp\/v2\/pages\/100\/revisions\/2254"}],"wp:featuredmedia":[{"embeddable":true,"href":"https:\/\/panoramacritico.com\/revista\/wp-json\/wp\/v2\/media\/63"}],"wp:attachment":[{"href":"https:\/\/panoramacritico.com\/revista\/wp-json\/wp\/v2\/media?parent=100"}],"curies":[{"name":"wp","href":"https:\/\/api.w.org\/{rel}","templated":true}]}}