{"id":1315,"date":"2021-11-25T12:05:20","date_gmt":"2021-11-25T12:05:20","guid":{"rendered":"https:\/\/panoramacritico.com\/revista\/?page_id=1315"},"modified":"2022-06-08T20:32:45","modified_gmt":"2022-06-08T20:32:45","slug":"publique-conosco","status":"publish","type":"page","link":"https:\/\/panoramacritico.com\/revista\/publique-conosco\/","title":{"rendered":"Publique Conosco"},"content":{"rendered":"\n<div class=\"wp-block-cover alignfull\"><span aria-hidden=\"true\" class=\"wp-block-cover__background has-black-background-color has-background-dim\"><\/span><img loading=\"lazy\" decoding=\"async\" width=\"1024\" height=\"422\" class=\"wp-block-cover__image-background wp-image-463\" alt=\"\" src=\"https:\/\/panoramacritico.com\/revista\/wp-content\/uploads\/2021\/11\/LIVRO_CAB-1024x422.jpg\" data-object-fit=\"cover\" srcset=\"https:\/\/panoramacritico.com\/revista\/wp-content\/uploads\/2021\/11\/LIVRO_CAB-1024x422.jpg 1024w, https:\/\/panoramacritico.com\/revista\/wp-content\/uploads\/2021\/11\/LIVRO_CAB-300x124.jpg 300w, https:\/\/panoramacritico.com\/revista\/wp-content\/uploads\/2021\/11\/LIVRO_CAB-768x316.jpg 768w, https:\/\/panoramacritico.com\/revista\/wp-content\/uploads\/2021\/11\/LIVRO_CAB-1536x633.jpg 1536w, https:\/\/panoramacritico.com\/revista\/wp-content\/uploads\/2021\/11\/LIVRO_CAB-2048x844.jpg 2048w\" sizes=\"auto, (max-width: 1024px) 100vw, 1024px\" \/><div class=\"wp-block-cover__inner-container is-layout-flow wp-block-cover-is-layout-flow\">\n<p class=\"has-text-align-center has-white-color has-text-color has-large-font-size\"><\/p>\n<\/div><\/div>\n\n\n\n<h2 class=\"wp-block-heading\"><strong>Mande seu original e publique com a Panorama Cr\u00edtico<\/strong><\/h2>\n\n\n\n<p>Quer publicar? Traga seu projeto para a Panorama Cr\u00edtico!<br>Entre em contato com nossa equipe para solicitar um or\u00e7amento para sua publica\u00e7\u00e3o. <\/p>\n\n\n\n<div class=\"wpcf7 no-js\" id=\"wpcf7-f1351-o1\" lang=\"pt-BR\" dir=\"ltr\" data-wpcf7-id=\"1351\">\n<div class=\"screen-reader-response\"><p role=\"status\" aria-live=\"polite\" aria-atomic=\"true\"><\/p> <ul><\/ul><\/div>\n<form action=\"\/revista\/wp-json\/wp\/v2\/pages\/1315#wpcf7-f1351-o1\" method=\"post\" class=\"wpcf7-form init\" aria-label=\"Formul\u00e1rios de contato\" enctype=\"multipart\/form-data\" novalidate=\"novalidate\" data-status=\"init\">\n<div style=\"display: none;\">\n<input type=\"hidden\" name=\"_wpcf7\" value=\"1351\" \/>\n<input type=\"hidden\" name=\"_wpcf7_version\" value=\"6.0.6\" \/>\n<input type=\"hidden\" name=\"_wpcf7_locale\" value=\"pt_BR\" \/>\n<input type=\"hidden\" name=\"_wpcf7_unit_tag\" value=\"wpcf7-f1351-o1\" \/>\n<input type=\"hidden\" name=\"_wpcf7_container_post\" value=\"0\" \/>\n<input type=\"hidden\" name=\"_wpcf7_posted_data_hash\" value=\"\" \/>\n<input type=\"hidden\" name=\"_wpcf7_recaptcha_response\" value=\"\" \/>\n<\/div>\n<p><label> Seu nome<br \/>\n<span class=\"wpcf7-form-control-wrap\" data-name=\"your-name\"><input size=\"40\" maxlength=\"400\" class=\"wpcf7-form-control wpcf7-text wpcf7-validates-as-required\" aria-required=\"true\" aria-invalid=\"false\" value=\"\" type=\"text\" name=\"your-name\" \/><\/span> <\/label>\n<\/p>\n<p><label> Seu e-mail<br \/>\n<span class=\"wpcf7-form-control-wrap\" data-name=\"your-email\"><input size=\"40\" maxlength=\"400\" class=\"wpcf7-form-control wpcf7-email wpcf7-validates-as-required wpcf7-text wpcf7-validates-as-email\" aria-required=\"true\" aria-invalid=\"false\" value=\"\" type=\"email\" name=\"your-email\" \/><\/span> <\/label>\n<\/p>\n<p><label> Assunto<br \/>\n<span class=\"wpcf7-form-control-wrap\" data-name=\"your-subject\"><input size=\"40\" maxlength=\"400\" class=\"wpcf7-form-control wpcf7-text wpcf7-validates-as-required\" aria-required=\"true\" aria-invalid=\"false\" value=\"\" type=\"text\" name=\"your-subject\" \/><\/span> <\/label>\n<\/p>\n<p><label> Sua mensagem (opcional)<br \/>\n<span class=\"wpcf7-form-control-wrap\" data-name=\"your-message\"><textarea cols=\"40\" rows=\"10\" maxlength=\"2000\" class=\"wpcf7-form-control wpcf7-textarea\" aria-invalid=\"false\" name=\"your-message\"><\/textarea><\/span> <\/label>\n<\/p>\n<p><label> Seu arquivo (tamanho m\u00e1ximo do arquivo: 10MB)<br \/>\n<span class=\"wpcf7-form-control-wrap\" data-name=\"file-203\"><input size=\"40\" class=\"wpcf7-form-control wpcf7-file original\" accept=\".pdf,.txt,.doc,.docx,.rtf,.odt\" aria-invalid=\"false\" type=\"file\" name=\"file-203\" \/><\/span><\/label>\n<\/p>\n<p><input class=\"wpcf7-form-control wpcf7-submit has-spinner\" type=\"submit\" value=\"Enviar\" \/>\n<\/p><p style=\"display: none !important;\" class=\"akismet-fields-container\" data-prefix=\"_wpcf7_ak_\"><label>&#916;<textarea name=\"_wpcf7_ak_hp_textarea\" cols=\"45\" rows=\"8\" maxlength=\"100\"><\/textarea><\/label><input type=\"hidden\" id=\"ak_js_1\" name=\"_wpcf7_ak_js\" value=\"204\"\/><script>document.getElementById( \"ak_js_1\" ).setAttribute( \"value\", ( new Date() ).getTime() );<\/script><\/p><div class=\"wpcf7-response-output\" aria-hidden=\"true\"><\/div>\n<\/form>\n<\/div>\n\n","protected":false},"excerpt":{"rendered":"<p>Mande seu original e publique com a Panorama Cr\u00edtico Quer publicar? Traga seu projeto para a Panorama Cr\u00edtico!Entre em contato com nossa equipe para solicitar um or\u00e7amento para sua publica\u00e7\u00e3o.<\/p>\n","protected":false},"author":3,"featured_media":0,"parent":0,"menu_order":0,"comment_status":"closed","ping_status":"closed","template":"","meta":{"footnotes":""},"class_list":["post-1315","page","type-page","status-publish","hentry","post"],"_links":{"self":[{"href":"https:\/\/panoramacritico.com\/revista\/wp-json\/wp\/v2\/pages\/1315","targetHints":{"allow":["GET"]}}],"collection":[{"href":"https:\/\/panoramacritico.com\/revista\/wp-json\/wp\/v2\/pages"}],"about":[{"href":"https:\/\/panoramacritico.com\/revista\/wp-json\/wp\/v2\/types\/page"}],"author":[{"embeddable":true,"href":"https:\/\/panoramacritico.com\/revista\/wp-json\/wp\/v2\/users\/3"}],"replies":[{"embeddable":true,"href":"https:\/\/panoramacritico.com\/revista\/wp-json\/wp\/v2\/comments?post=1315"}],"version-history":[{"count":10,"href":"https:\/\/panoramacritico.com\/revista\/wp-json\/wp\/v2\/pages\/1315\/revisions"}],"predecessor-version":[{"id":2256,"href":"https:\/\/panoramacritico.com\/revista\/wp-json\/wp\/v2\/pages\/1315\/revisions\/2256"}],"wp:attachment":[{"href":"https:\/\/panoramacritico.com\/revista\/wp-json\/wp\/v2\/media?parent=1315"}],"curies":[{"name":"wp","href":"https:\/\/api.w.org\/{rel}","templated":true}]}}