{"id":156,"date":"2021-11-03T15:24:28","date_gmt":"2021-11-03T15:24:28","guid":{"rendered":"http:\/\/br1056.teste.website\/~panor514\/revista.panoramacritico.com\/?page_id=156"},"modified":"2021-11-23T12:35:20","modified_gmt":"2021-11-23T12:35:20","slug":"atelier-subterranea","status":"publish","type":"page","link":"https:\/\/panoramacritico.com\/revista\/livros\/atelier-subterranea\/","title":{"rendered":"Atelier Subterr\u00e2nea"},"content":{"rendered":"\n<div class=\"wp-block-media-text alignwide is-stacked-on-mobile is-vertically-aligned-top\" style=\"grid-template-columns:35% auto\"><figure class=\"wp-block-media-text__media\"><img loading=\"lazy\" decoding=\"async\" width=\"768\" height=\"1024\" src=\"https:\/\/panoramacritico.com\/revista\/wp-content\/uploads\/2021\/11\/sub-768x1024.jpg\" alt=\"\" class=\"wp-image-157 size-full\" srcset=\"https:\/\/panoramacritico.com\/revista\/wp-content\/uploads\/2021\/11\/sub-768x1024.jpg 768w, https:\/\/panoramacritico.com\/revista\/wp-content\/uploads\/2021\/11\/sub-225x300.jpg 225w, https:\/\/panoramacritico.com\/revista\/wp-content\/uploads\/2021\/11\/sub-1152x1536.jpg 1152w, https:\/\/panoramacritico.com\/revista\/wp-content\/uploads\/2021\/11\/sub-1024x1365.jpg 1024w, https:\/\/panoramacritico.com\/revista\/wp-content\/uploads\/2021\/11\/sub-810x1080.jpg 810w, https:\/\/panoramacritico.com\/revista\/wp-content\/uploads\/2021\/11\/sub.jpg 1181w\" sizes=\"auto, (max-width: 768px) 100vw, 768px\" \/><\/figure><div class=\"wp-block-media-text__content\">\n<p><em>Org.: Lilian Maus<\/em><\/p>\n\n\n\n<p>Desde o in\u00edcio do atelier, os principais apoiadores dessa iniciativa independente foram os pr\u00f3prios artistas e cr\u00edticos que dela participaram, seja ministrando cursos, realizando exposi\u00e7\u00f5es ou palestras. A amplia\u00e7\u00e3o do p\u00fablico, ao longo desses quatro anos, tamb\u00e9m tem sido fundamental para a continuidade das atividades. Essa hist\u00f3ria \u00e9 apresentada no livro a partir de extensa documenta\u00e7\u00e3o fotogr\u00e1fica, do texto cr\u00edtico e da entrevista do historiador e cr\u00edtico de arte Alexandre Santos e de trabalhos concebidos especificamente para esta publica\u00e7\u00e3o, pelos artistas convidados Cildo Meireles, Edith Derdyk, F\u00e1bio Zimbres, Fl\u00e1vio Gon\u00e7alves, Gerson Reichert, Lia Menna Barreto e Rodrigo Louren\u00e7o, e tamb\u00e9m pelos integrantes da Subterr\u00e2nea (Adauany Zimovski, Gabriel Netto, Guilherme Dable, James Zort\u00e9a, Lilian Maus, T\u00falio Pinto).<\/p>\n\n\n\n<p>Dispon\u00edvel para download gratuito:<br><a rel=\"noreferrer noopener\" href=\"https:\/\/www.dropbox.com\/s\/75u0bdlqabbz8yv\/e-book_subt.pdf?dl=1\" target=\"_blank\" data-type=\"URL\" data-id=\"https:\/\/www.dropbox.com\/s\/75u0bdlqabbz8yv\/e-book_subt.pdf?dl=1\">pdf<\/a><\/p>\n<\/div><\/div>\n\n\n\n<p class=\"has-small-font-size\">ISBN: 9788563870001<br>Idioma: portugu\u00eas<br>Edi\u00e7\u00e3o: 1\u00aa <br>Ano: 2010<br>P\u00e1ginas: 148<\/p>\n","protected":false},"excerpt":{"rendered":"<p>Org.: Lilian Maus Desde o in\u00edcio do atelier, os principais apoiadores dessa iniciativa independente foram os pr\u00f3prios artistas e cr\u00edticos que dela participaram, seja ministrando cursos, realizando exposi\u00e7\u00f5es ou palestras. A amplia\u00e7\u00e3o do p\u00fablico, ao longo desses quatro anos, tamb\u00e9m tem sido fundamental para a continuidade das atividades. Essa hist\u00f3ria \u00e9 apresentada no livro a [&hellip;]<\/p>\n","protected":false},"author":1,"featured_media":157,"parent":95,"menu_order":0,"comment_status":"closed","ping_status":"closed","template":"","meta":{"footnotes":""},"class_list":["post-156","page","type-page","status-publish","has-post-thumbnail","hentry","post","post-with-thumbnail","post-with-thumbnail-large"],"_links":{"self":[{"href":"https:\/\/panoramacritico.com\/revista\/wp-json\/wp\/v2\/pages\/156","targetHints":{"allow":["GET"]}}],"collection":[{"href":"https:\/\/panoramacritico.com\/revista\/wp-json\/wp\/v2\/pages"}],"about":[{"href":"https:\/\/panoramacritico.com\/revista\/wp-json\/wp\/v2\/types\/page"}],"author":[{"embeddable":true,"href":"https:\/\/panoramacritico.com\/revista\/wp-json\/wp\/v2\/users\/1"}],"replies":[{"embeddable":true,"href":"https:\/\/panoramacritico.com\/revista\/wp-json\/wp\/v2\/comments?post=156"}],"version-history":[{"count":8,"href":"https:\/\/panoramacritico.com\/revista\/wp-json\/wp\/v2\/pages\/156\/revisions"}],"predecessor-version":[{"id":1082,"href":"https:\/\/panoramacritico.com\/revista\/wp-json\/wp\/v2\/pages\/156\/revisions\/1082"}],"up":[{"embeddable":true,"href":"https:\/\/panoramacritico.com\/revista\/wp-json\/wp\/v2\/pages\/95"}],"wp:featuredmedia":[{"embeddable":true,"href":"https:\/\/panoramacritico.com\/revista\/wp-json\/wp\/v2\/media\/157"}],"wp:attachment":[{"href":"https:\/\/panoramacritico.com\/revista\/wp-json\/wp\/v2\/media?parent=156"}],"curies":[{"name":"wp","href":"https:\/\/api.w.org\/{rel}","templated":true}]}}