{"id":184,"date":"2021-11-03T19:59:18","date_gmt":"2021-11-03T19:59:18","guid":{"rendered":"http:\/\/br1056.teste.website\/~panor514\/revista.panoramacritico.com\/?page_id=184"},"modified":"2021-12-01T19:59:33","modified_gmt":"2021-12-01T19:59:33","slug":"nova-editora","status":"publish","type":"page","link":"https:\/\/panoramacritico.com\/revista\/nova-editora\/","title":{"rendered":"Editora"},"content":{"rendered":"<div class=\"n2_clear\"><ss3-force-full-width data-overflow-x=\"body\" data-horizontal-selector=\"body\"><div class=\"n2-section-smartslider fitvidsignore  n2_clear\" data-ssid=\"6\" tabindex=\"0\" role=\"region\" aria-label=\"Slider\"><div id=\"n2-ss-6-align\" class=\"n2-ss-align\"><div class=\"n2-padding\"><div id=\"n2-ss-6\" data-creator=\"Smart Slider 3\" data-responsive=\"fullwidth\" class=\"n2-ss-slider n2-ow n2-has-hover n2notransition  \">\n\n\n\n<div class=\"n2-ss-slider-wrapper-inside\">\n        <div class=\"n2-ss-slider-1 n2_ss__touch_element n2-ow\">\n            <div class=\"n2-ss-slider-2 n2-ow\">\n                                                <div class=\"n2-ss-slider-3 n2-ow\">\n\n                    <div class=\"n2-ss-slide-backgrounds n2-ow-all\"><div class=\"n2-ss-slide-background\" data-public-id=\"1\" data-mode=\"fit\"><div class=\"n2-ss-slide-background-image\" data-blur=\"0\" data-opacity=\"100\" data-x=\"50\" data-y=\"50\" data-alt=\"\" data-title=\"\"><picture class=\"skip-lazy\" data-skip-lazy=\"1\"><img decoding=\"async\" src=\"\/\/panoramacritico.com\/revista\/wp-content\/uploads\/slider\/cache\/3adbda477a4f82304d5a49688e9d55fd\/11.png\" alt=\"\" title=\"\" loading=\"lazy\" class=\"skip-lazy\" data-skip-lazy=\"1\"><\/picture><\/div><div data-color=\"RGBA(0,0,0,0.5)\" style=\"background-color: RGBA(0,0,0,0.5);\" class=\"n2-ss-slide-background-color\"><\/div><\/div><div class=\"n2-ss-slide-background\" data-public-id=\"2\" data-mode=\"fill\"><div class=\"n2-ss-slide-background-image\" data-blur=\"0\" data-opacity=\"100\" data-x=\"50\" data-y=\"50\" data-alt=\"\" data-title=\"\"><picture class=\"skip-lazy\" data-skip-lazy=\"1\"><img decoding=\"async\" src=\"\/\/panoramacritico.com\/revista\/wp-content\/uploads\/slider\/cache\/0203cd2c6ad1bef51a93880a17d2bfc4\/Farois-02-1.png\" alt=\"\" title=\"\" loading=\"lazy\" class=\"skip-lazy\" data-skip-lazy=\"1\"><\/picture><\/div><div data-color=\"RGBA(255,255,255,0.5)\" style=\"background-color: RGBA(255,255,255,0.5);\" class=\"n2-ss-slide-background-color\"><\/div><\/div><div class=\"n2-ss-slide-background\" data-public-id=\"3\" data-mode=\"fill\"><div class=\"n2-ss-slide-background-image\" data-blur=\"0\" data-opacity=\"100\" data-x=\"50\" data-y=\"50\" data-alt=\"\" data-title=\"\"><picture class=\"skip-lazy\" data-skip-lazy=\"1\"><img decoding=\"async\" src=\"\/\/panoramacritico.com\/revista\/wp-content\/uploads\/slider\/cache\/7896ceb990e6a2f125cf617ec93b67b8\/Carrossel_Taticas.jpg\" alt=\"\" title=\"\" loading=\"lazy\" class=\"skip-lazy\" data-skip-lazy=\"1\"><\/picture><\/div><div data-color=\"RGBA(255,255,255,0)\" style=\"background-color: RGBA(255,255,255,0);\" class=\"n2-ss-slide-background-color\"><\/div><\/div><div class=\"n2-ss-slide-background\" data-public-id=\"4\" data-mode=\"fill\"><div class=\"n2-ss-slide-background-image\" data-blur=\"0\" data-opacity=\"100\" data-x=\"50\" data-y=\"63\" data-alt=\"\" data-title=\"\" style=\"--ss-o-pos-y:63%\"><picture class=\"skip-lazy\" data-skip-lazy=\"1\"><img decoding=\"async\" src=\"\/\/panoramacritico.com\/revista\/wp-content\/uploads\/slider\/cache\/8f7dd4d159166ee72babcaaff941a6d5\/DSC_0095-scaled.jpg\" alt=\"\" title=\"\" loading=\"lazy\" class=\"skip-lazy\" data-skip-lazy=\"1\"><\/picture><\/div><div data-color=\"RGBA(255,255,255,0)\" style=\"background-color: RGBA(255,255,255,0);\" class=\"n2-ss-slide-background-color\"><\/div><\/div><div class=\"n2-ss-slide-background\" data-public-id=\"5\" data-mode=\"fill\"><div class=\"n2-ss-slide-background-image\" data-blur=\"0\" data-opacity=\"100\" data-x=\"50\" data-y=\"65\" data-alt=\"\" data-title=\"\" style=\"--ss-o-pos-y:65%\"><picture class=\"skip-lazy\" data-skip-lazy=\"1\"><img decoding=\"async\" src=\"\/\/panoramacritico.com\/revista\/wp-content\/uploads\/slider\/cache\/00e670cd330c02e70602f7e00c4776e3\/a_palavra_SLIDER.png\" alt=\"\" title=\"\" loading=\"lazy\" class=\"skip-lazy\" data-skip-lazy=\"1\"><\/picture><\/div><div data-color=\"RGBA(255,255,255,0)\" style=\"background-color: RGBA(255,255,255,0);\" class=\"n2-ss-slide-background-color\"><\/div><\/div><div class=\"n2-ss-slide-background\" data-public-id=\"6\" data-mode=\"fill\"><div class=\"n2-ss-slide-background-image\" data-blur=\"0\" data-opacity=\"100\" data-x=\"50\" data-y=\"50\" data-alt=\"\" data-title=\"\"><picture class=\"skip-lazy\" data-skip-lazy=\"1\"><img decoding=\"async\" src=\"\/\/panoramacritico.com\/revista\/wp-content\/uploads\/slider\/cache\/c593a4959b949138d6e7c023d3425d8b\/Carrossel_Experimentaes.jpg\" alt=\"\" title=\"\" loading=\"lazy\" class=\"skip-lazy\" data-skip-lazy=\"1\"><\/picture><\/div><div data-color=\"RGBA(255,255,255,0)\" style=\"background-color: RGBA(255,255,255,0);\" class=\"n2-ss-slide-background-color\"><\/div><\/div><div class=\"n2-ss-slide-background\" data-public-id=\"7\" data-mode=\"fill\"><div class=\"n2-ss-slide-background-image\" data-blur=\"0\" data-opacity=\"100\" data-x=\"50\" data-y=\"50\" data-alt=\"\" data-title=\"\"><picture class=\"skip-lazy\" data-skip-lazy=\"1\"><img decoding=\"async\" src=\"\/\/panoramacritico.com\/revista\/wp-content\/uploads\/slider\/cache\/37bed947ddcc608c1a4d690fffe21810\/Carrossel_ArteLoucura.png\" alt=\"\" title=\"\" loading=\"lazy\" class=\"skip-lazy\" data-skip-lazy=\"1\"><\/picture><\/div><div data-color=\"RGBA(255,255,255,0)\" style=\"background-color: RGBA(255,255,255,0);\" class=\"n2-ss-slide-background-color\"><\/div><\/div><\/div>                    <div class=\"n2-ss-slider-4 n2-ow\">\n                        <svg xmlns=\"http:\/\/www.w3.org\/2000\/svg\" viewBox=\"0 0 1200 300\" data-related-device=\"desktopPortrait\" class=\"n2-ow n2-ss-preserve-size n2-ss-preserve-size--slider n2-ss-slide-limiter\"><\/svg><div data-first=\"1\" data-slide-duration=\"0\" data-id=\"85\" data-slide-public-id=\"1\" data-title=\"Misoginia\" class=\"n2-ss-slide n2-ow  n2-ss-slide-85\"><div role=\"note\" class=\"n2-ss-slide--focus\" tabindex=\"-1\">Misoginia<\/div><div class=\"n2-ss-layers-container n2-ss-slide-limiter n2-ow\"><div class=\"n2-ss-layer n2-ow n-uc-vukkb33ehflT\" data-sstype=\"slide\" data-pm=\"default\"><div class=\"n2-ss-layer n2-ow n-uc-yY9rgG4z4Lqe\" data-pm=\"default\" data-sstype=\"content\" data-hasbackground=\"1\"><div class=\"n2-ss-section-main-content n2-ss-layer-with-background n2-ss-layer-content n2-ow n-uc-yY9rgG4z4Lqe-inner\"><div class=\"n2-ss-layer n2-ow n-uc-a1tqEQ1RwrfH\" data-pm=\"normal\" data-sstype=\"layer\"><div id=\"n2-ss-6item1\" class=\"  n2-ss-item-content n2-ss-text n2-ow\" style=\"display:block;\"><a class=\"n2-ow n2-font-3a310edc70b9cd03beebda24faf1b589-hover n2-style-1ca31de14355248aa87f492374c79b0f-heading \" style=\"display:block;\" href=\"https:\/\/panoramacritico.com\/revista\/costurando-a-teia-de-ariadne\/\">Misoginia Modernista e a Invisibilidade da Mulher Artista<\/a><\/div><\/div><div class=\"n2-ss-layer n2-ow n-uc-Hos2X4dIinaf\" data-pm=\"normal\" data-sstype=\"layer\"><div class=\"n2-ss-item-content n2-ss-text n2-ow-all\"><div class=\"\"><p class=\"n2-font-f29e17af02eb1b14d62ae1e5f1d73ebf-paragraph  n2-style-1ca31de14355248aa87f492374c79b0f-heading  \">Costurando a teia de Ariadne<\/p>\n<\/div><\/div><\/div><\/div><\/div><\/div><\/div><\/div><div data-slide-duration=\"0\" data-id=\"100\" data-slide-public-id=\"2\" data-title=\"Slide\" class=\"n2-ss-slide n2-ow  n2-ss-slide-100\"><div role=\"note\" class=\"n2-ss-slide--focus\" tabindex=\"-1\">Slide<\/div><div class=\"n2-ss-layers-container n2-ss-slide-limiter n2-ow\"><div class=\"n2-ss-layer n2-ow n-uc-85vqNIfKWQVc\" data-sstype=\"slide\" data-pm=\"default\"><div class=\"n2-ss-layer n2-ow n-uc-cEP29Ppki7GY\" data-pm=\"default\" data-sstype=\"content\" data-hasbackground=\"0\"><div class=\"n2-ss-section-main-content n2-ss-layer-with-background n2-ss-layer-content n2-ow n-uc-cEP29Ppki7GY-inner\"><div class=\"n2-ss-layer n2-ow n-uc-KxrbJn0dAs2Q\" data-pm=\"normal\" data-sstype=\"layer\"><div id=\"n2-ss-6item3\" class=\"  n2-ss-item-content n2-ss-text n2-ow\" style=\"display:block;\"><a class=\"n2-ow n2-font-3a310edc70b9cd03beebda24faf1b589-hover n2-style-1ca31de14355248aa87f492374c79b0f-heading \" style=\"display:block;\" href=\"https:\/\/panoramacritico.com\/revista\/livros\/farois-do-rs\/\">Far\u00f3is do Rio Grande do Sul:<\/a><\/div><\/div><div class=\"n2-ss-layer n2-ow n-uc-HHiCoEfZ9anO\" data-pm=\"normal\" data-sstype=\"layer\"><div class=\"n2-ss-item-content n2-ss-text n2-ow-all\"><div class=\"\"><p class=\"n2-font-f29e17af02eb1b14d62ae1e5f1d73ebf-paragraph  n2-style-1ca31de14355248aa87f492374c79b0f-heading  \">Um registro hist\u00f3rico e fotogr\u00e1fico<\/p>\n<\/div><\/div><\/div><\/div><\/div><\/div><\/div><\/div><div data-slide-duration=\"0\" data-id=\"64\" data-slide-public-id=\"3\" data-title=\"Taticas\" class=\"n2-ss-slide n2-ow  n2-ss-slide-64\"><div role=\"note\" class=\"n2-ss-slide--focus\" tabindex=\"-1\">Taticas<\/div><div class=\"n2-ss-layers-container n2-ss-slide-limiter n2-ow\"><div class=\"n2-ss-layer n2-ow n-uc-oAMHKnP66TFS\" data-sstype=\"slide\" data-pm=\"default\"><div class=\"n2-ss-layer n2-ow n-uc-ePUKTjyEnUXv\" data-pm=\"default\" data-sstype=\"content\" data-hasbackground=\"0\"><div class=\"n2-ss-section-main-content n2-ss-layer-with-background n2-ss-layer-content n2-ow n-uc-ePUKTjyEnUXv-inner\"><div class=\"n2-ss-layer n2-ow n-uc-VlnTX8GZkzwN\" data-pm=\"normal\" data-sstype=\"layer\"><div id=\"n2-ss-6item5\" class=\"  n2-ss-item-content n2-ss-text n2-ow\" style=\"display:block;\"><a class=\"n2-ow n2-font-fad27e07702e275286d3ed5eef2f08b6-hover n2-style-2430cd1ee1bed3f16ed2c55ad5803f6f-heading \" style=\"display:block;\" href=\"https:\/\/panoramacritico.com\/revista\/livros\/taticas-de-artistas-na-america-latina\/\">T\u00e1ticas de artistas na Am\u00e9rica Latina<\/a><\/div><\/div><div class=\"n2-ss-layer n2-ow n-uc-hYWz7BMfbYTf\" data-pm=\"normal\" data-sstype=\"layer\"><div class=\"n2-ss-item-content n2-ss-text n2-ow-all\"><div class=\"\"><p class=\"n2-font-4d65ada1f1d83a21de90bf1935f234a2-paragraph  n2-style-2430cd1ee1bed3f16ed2c55ad5803f6f-heading  \">coletivos, iniciativas coletivas e espa\u00e7os autogestionados<\/p>\n<\/div><\/div><\/div><\/div><\/div><\/div><\/div><\/div><div data-slide-duration=\"0\" data-id=\"65\" data-slide-public-id=\"4\" data-title=\"Publique\" data-haslink=\"1\" data-href=\"https:\/\/panoramacritico.com\/revista\/publique-conosco\/\" tabindex=\"0\" role=\"button\" data-n2click=\"url\" data-force-pointer=\"\" class=\"n2-ss-slide n2-ow  n2-ss-slide-65\"><div role=\"note\" class=\"n2-ss-slide--focus\">Publique<\/div><div class=\"n2-ss-layers-container n2-ss-slide-limiter n2-ow\"><div class=\"n2-ss-layer n2-ow n-uc-B35QENUI59i2\" data-sstype=\"slide\" data-pm=\"default\"><div class=\"n2-ss-layer n2-ow n-uc-cl6yNRiXJTm9\" data-pm=\"default\" data-sstype=\"content\" data-hasbackground=\"0\"><div class=\"n2-ss-section-main-content n2-ss-layer-with-background n2-ss-layer-content n2-ow n-uc-cl6yNRiXJTm9-inner\"><div class=\"n2-ss-layer n2-ow n-uc-soa5CMFyeFYs\" data-pm=\"normal\" data-sstype=\"layer\"><div id=\"n2-ss-6item7\" class=\"n2-font-3a310edc70b9cd03beebda24faf1b589-hover n2-style-b35834208f56f667ace2a5559dad8be2-heading   n2-ss-item-content n2-ss-text n2-ow\" style=\"display:block;\">Publique Conosco!<\/div><\/div><div class=\"n2-ss-layer n2-ow n-uc-8i8Jq5ScS45t\" data-pm=\"normal\" data-sstype=\"layer\"><div class=\"n2-ss-item-content n2-ss-text n2-ow-all\"><div class=\"\"><p class=\"n2-font-2bada3f71f11d3f8dba751ef917b6f0a-paragraph  n2-style-b35834208f56f667ace2a5559dad8be2-heading  \">Traga seu projeto para a Panorama Cr\u00edtico!<\/p>\n<\/div><\/div><\/div><\/div><\/div><\/div><\/div><\/div><div data-slide-duration=\"0\" data-id=\"50\" data-slide-public-id=\"5\" data-title=\"A Palavra\" class=\"n2-ss-slide n2-ow  n2-ss-slide-50\"><div role=\"note\" class=\"n2-ss-slide--focus\" tabindex=\"-1\">A Palavra<\/div><div class=\"n2-ss-layers-container n2-ss-slide-limiter n2-ow\"><div class=\"n2-ss-layer n2-ow n-uc-4KgnliuwuWtu\" data-sstype=\"slide\" data-pm=\"default\"><div class=\"n2-ss-layer n2-ow n-uc-E5hJ4Fr7vBQ9\" data-pm=\"default\" data-sstype=\"content\" data-hasbackground=\"0\"><div class=\"n2-ss-section-main-content n2-ss-layer-with-background n2-ss-layer-content n2-ow n-uc-E5hJ4Fr7vBQ9-inner\"><div class=\"n2-ss-layer n2-ow n-uc-GgW7q6z9lMn5\" data-pm=\"normal\" data-sstype=\"layer\"><div id=\"n2-ss-6item9\" class=\"n2-font-52ee94ca03f57063bfaaced2593045d7-hover n2-style-ea4b03dc088b9ea2a1508ef4594acb52-heading   n2-ss-item-content n2-ss-text n2-ow\" style=\"display:block;\">A palavra est\u00e1 com elas<\/div><\/div><div class=\"n2-ss-layer n2-ow n-uc-wdWUnn4BMuay\" data-pm=\"normal\" data-sstype=\"layer\"><div class=\"n2-ss-item-content n2-ss-text n2-ow-all\"><div class=\"\"><p class=\"n2-font-554a29157ab5d76b6837712c5641be3e-paragraph  n2-style-9dabd25ff758936f116554113558892c-heading  \">di\u00e1logos sobre a inser\u00e7\u00e3o da mulher nas artes visuais<\/p>\n<\/div><\/div><\/div><\/div><\/div><\/div><\/div><\/div><div data-slide-duration=\"0\" data-id=\"66\" data-slide-public-id=\"6\" data-title=\"Experimentaes\" class=\"n2-ss-slide n2-ow  n2-ss-slide-66\"><div role=\"note\" class=\"n2-ss-slide--focus\" tabindex=\"-1\">Experimentaes<\/div><div class=\"n2-ss-layers-container n2-ss-slide-limiter n2-ow\"><div class=\"n2-ss-layer n2-ow n-uc-2GrKp2Pj1XDp\" data-sstype=\"slide\" data-pm=\"default\"><div class=\"n2-ss-layer n2-ow n-uc-1QbXrhFBgUCb\" data-pm=\"default\" data-sstype=\"content\" data-hasbackground=\"0\"><div class=\"n2-ss-section-main-content n2-ss-layer-with-background n2-ss-layer-content n2-ow n-uc-1QbXrhFBgUCb-inner\"><div class=\"n2-ss-layer n2-ow n-uc-OFdttkvpMkB3\" data-pm=\"normal\" data-sstype=\"layer\"><div id=\"n2-ss-6item11\" class=\"  n2-ss-item-content n2-ss-text n2-ow\" style=\"display:block;\"><a class=\"n2-ow n2-font-1042c7a07029e0d69703cec9630fb146-hover \" style=\"display:block;\" href=\"https:\/\/panoramacritico.com\/revista\/livros\/experimentacoes-etico-esteticas-em-pesquisa-na-educacao\/\">Experimenta\u00e7\u00f5es \u00c9tico-Est\u00e9ticas em Pesquisa na Educa\u00e7\u00e3o<\/a><\/div><\/div><\/div><\/div><\/div><\/div><\/div><div data-slide-duration=\"0\" data-id=\"67\" data-slide-public-id=\"7\" data-title=\"ArteLoucura\" class=\"n2-ss-slide n2-ow  n2-ss-slide-67\"><div role=\"note\" class=\"n2-ss-slide--focus\" tabindex=\"-1\">ArteLoucura<\/div><div class=\"n2-ss-layers-container n2-ss-slide-limiter n2-ow\"><div class=\"n2-ss-layer n2-ow n-uc-qLfd4MHHu9il\" data-sstype=\"slide\" data-pm=\"default\"><div class=\"n2-ss-layer n2-ow n-uc-HHywwK9fkKuI\" data-pm=\"default\" data-sstype=\"content\" data-hasbackground=\"0\"><div class=\"n2-ss-section-main-content n2-ss-layer-with-background n2-ss-layer-content n2-ow n-uc-HHywwK9fkKuI-inner\"><div class=\"n2-ss-layer n2-ow n-uc-0DL2Z4pDk7HV\" data-pm=\"normal\" data-sstype=\"layer\"><div id=\"n2-ss-6item12\" class=\"  n2-ss-item-content n2-ss-text n2-ow\" style=\"display:block;\"><a class=\"n2-ow n2-font-40842b353aa05341f8f4209f68f45f21-hover \" style=\"display:block;\" href=\"https:\/\/panoramacritico.com\/revista\/livros\/arte-e-loucura-vida-silenciosa-e-marginal-luiz-guides\/\">Arte e loucura<\/a><\/div><\/div><div class=\"n2-ss-layer n2-ow n-uc-6buWplpUTf4J\" data-pm=\"normal\" data-sstype=\"layer\"><div class=\"n2-ss-item-content n2-ss-text n2-ow-all\"><div class=\"\"><p class=\"n2-font-54167d7465c573d19cd950cebb6f8829-paragraph   \">Vida silenciosa e marginal: Luiz Guides<\/p>\n<\/div><\/div><\/div><\/div><\/div><\/div><\/div><\/div>                    <\/div>\n\n                                    <\/div>\n            <\/div>\n        <\/div>\n        <div class=\"n2-ss-slider-controls n2-ss-slider-controls-absolute-left-center\"><div style=\"--widget-offset:15px;\" class=\"n2-ss-widget nextend-arrow n2-ow-all nextend-arrow-previous  nextend-arrow-animated-fade\" id=\"n2-ss-6-arrow-previous\" role=\"button\" aria-label=\"previous arrow\" tabindex=\"0\"><img loading=\"lazy\" decoding=\"async\" width=\"32\" height=\"32\" class=\"n2-arrow-normal-img skip-lazy\" data-skip-lazy=\"1\" src=\"data:image\/svg+xml;base64,PHN2ZyB3aWR0aD0iMzIiIGhlaWdodD0iMzIiIHZpZXdCb3g9IjAgMCAzMiAzMiIgeG1sbnM9Imh0dHA6Ly93d3cudzMub3JnLzIwMDAvc3ZnIj4KICAgIDxwYXRoIGQ9Ik0xMS40MzMgMTUuOTkyTDIyLjY5IDUuNzEyYy4zOTMtLjM5LjM5My0xLjAzIDAtMS40Mi0uMzkzLS4zOS0xLjAzLS4zOS0xLjQyMyAwbC0xMS45OCAxMC45NGMtLjIxLjIxLS4zLjQ5LS4yODUuNzYtLjAxNS4yOC4wNzUuNTYuMjg0Ljc3bDExLjk4IDEwLjk0Yy4zOTMuMzkgMS4wMy4zOSAxLjQyNCAwIC4zOTMtLjQuMzkzLTEuMDMgMC0xLjQybC0xMS4yNTctMTAuMjkiCiAgICAgICAgICBmaWxsPSIjZmZmZmZmIiBvcGFjaXR5PSIwLjgiIGZpbGwtcnVsZT0iZXZlbm9kZCIvPgo8L3N2Zz4=\" alt=\"previous arrow\"><img loading=\"lazy\" decoding=\"async\" width=\"32\" height=\"32\" class=\"n2-arrow-hover-img skip-lazy\" data-skip-lazy=\"1\" src=\"data:image\/svg+xml;base64,PHN2ZyB3aWR0aD0iMzIiIGhlaWdodD0iMzIiIHZpZXdCb3g9IjAgMCAzMiAzMiIgeG1sbnM9Imh0dHA6Ly93d3cudzMub3JnLzIwMDAvc3ZnIj4KICAgIDxwYXRoIGQ9Ik0xMS40MzMgMTUuOTkyTDIyLjY5IDUuNzEyYy4zOTMtLjM5LjM5My0xLjAzIDAtMS40Mi0uMzkzLS4zOS0xLjAzLS4zOS0xLjQyMyAwbC0xMS45OCAxMC45NGMtLjIxLjIxLS4zLjQ5LS4yODUuNzYtLjAxNS4yOC4wNzUuNTYuMjg0Ljc3bDExLjk4IDEwLjk0Yy4zOTMuMzkgMS4wMy4zOSAxLjQyNCAwIC4zOTMtLjQuMzkzLTEuMDMgMC0xLjQybC0xMS4yNTctMTAuMjkiCiAgICAgICAgICBmaWxsPSIjZmZmZmZmIiBvcGFjaXR5PSIxIiBmaWxsLXJ1bGU9ImV2ZW5vZGQiLz4KPC9zdmc+\" alt=\"previous arrow\"><\/div><\/div><div class=\"n2-ss-slider-controls n2-ss-slider-controls-absolute-right-center\"><div style=\"--widget-offset:15px;\" class=\"n2-ss-widget nextend-arrow n2-ow-all nextend-arrow-next  nextend-arrow-animated-fade\" id=\"n2-ss-6-arrow-next\" role=\"button\" aria-label=\"next arrow\" tabindex=\"0\"><img loading=\"lazy\" decoding=\"async\" width=\"32\" height=\"32\" class=\"n2-arrow-normal-img skip-lazy\" data-skip-lazy=\"1\" src=\"data:image\/svg+xml;base64,PHN2ZyB3aWR0aD0iMzIiIGhlaWdodD0iMzIiIHZpZXdCb3g9IjAgMCAzMiAzMiIgeG1sbnM9Imh0dHA6Ly93d3cudzMub3JnLzIwMDAvc3ZnIj4KICAgIDxwYXRoIGQ9Ik0xMC43MjIgNC4yOTNjLS4zOTQtLjM5LTEuMDMyLS4zOS0xLjQyNyAwLS4zOTMuMzktLjM5MyAxLjAzIDAgMS40MmwxMS4yODMgMTAuMjgtMTEuMjgzIDEwLjI5Yy0uMzkzLjM5LS4zOTMgMS4wMiAwIDEuNDIuMzk1LjM5IDEuMDMzLjM5IDEuNDI3IDBsMTIuMDA3LTEwLjk0Yy4yMS0uMjEuMy0uNDkuMjg0LS43Ny4wMTQtLjI3LS4wNzYtLjU1LS4yODYtLjc2TDEwLjcyIDQuMjkzeiIKICAgICAgICAgIGZpbGw9IiNmZmZmZmYiIG9wYWNpdHk9IjAuOCIgZmlsbC1ydWxlPSJldmVub2RkIi8+Cjwvc3ZnPg==\" alt=\"next arrow\"><img loading=\"lazy\" decoding=\"async\" width=\"32\" height=\"32\" class=\"n2-arrow-hover-img skip-lazy\" data-skip-lazy=\"1\" src=\"data:image\/svg+xml;base64,PHN2ZyB3aWR0aD0iMzIiIGhlaWdodD0iMzIiIHZpZXdCb3g9IjAgMCAzMiAzMiIgeG1sbnM9Imh0dHA6Ly93d3cudzMub3JnLzIwMDAvc3ZnIj4KICAgIDxwYXRoIGQ9Ik0xMC43MjIgNC4yOTNjLS4zOTQtLjM5LTEuMDMyLS4zOS0xLjQyNyAwLS4zOTMuMzktLjM5MyAxLjAzIDAgMS40MmwxMS4yODMgMTAuMjgtMTEuMjgzIDEwLjI5Yy0uMzkzLjM5LS4zOTMgMS4wMiAwIDEuNDIuMzk1LjM5IDEuMDMzLjM5IDEuNDI3IDBsMTIuMDA3LTEwLjk0Yy4yMS0uMjEuMy0uNDkuMjg0LS43Ny4wMTQtLjI3LS4wNzYtLjU1LS4yODYtLjc2TDEwLjcyIDQuMjkzeiIKICAgICAgICAgIGZpbGw9IiNmZmZmZmYiIG9wYWNpdHk9IjEiIGZpbGwtcnVsZT0iZXZlbm9kZCIvPgo8L3N2Zz4=\" alt=\"next arrow\"><\/div><\/div><div class=\"n2-ss-slider-controls n2-ss-slider-controls-absolute-center-bottom\"><div style=\"--widget-offset:10px;\" class=\"n2-ss-widget n2-ss-control-bullet n2-ow-all n2-ss-control-bullet-horizontal\"><div class=\" nextend-bullet-bar n2-bar-justify-content-center\" role=\"group\" aria-label=\"Choose slide to display.\"><div class=\"n2-bullet n2-style-13586a9834f840c6e3b0e8ac4aa4b69c-dot \" style=\"visibility:hidden;\"><\/div><\/div><\/div><\/div><\/div><\/div><ss3-loader><\/ss3-loader><\/div><\/div><div class=\"n2_clear\"><\/div><\/div><\/ss3-force-full-width><\/div>\n\n\n<p class=\"has-black-color has-text-color\">A&nbsp;<strong>Editora Panorama Cr\u00edtico<\/strong>&nbsp;surgiu em 2009 buscando ser um local para novos autores.<\/p>\n\n\n\n<p class=\"has-black-color has-text-color\">Iniciou suas  atividades com a cria\u00e7\u00e3o e publica\u00e7\u00e3o, em 2008, da <a href=\"https:\/\/panoramacritico.com\/revista\/revista\/\" data-type=\"page\" data-id=\"1206\"><strong>Revista Panorama Cr\u00edtico<\/strong><\/a>, dando continuidade com diversas publica\u00e7\u00f5es realizados pelo nosso selo.<\/p>\n\n\n\n<p class=\"has-black-color has-text-color\">Estamos sempre em busca de novos desafios e oportunidades atrav\u00e9s de parcerias e mantendo um canal constantemente aberto para o recebimento de originais e para avalia\u00e7\u00e3o de novos projetos. <\/p>\n\n\n\n<p class=\"has-black-color has-text-color\">Traga seu projeto! <a href=\"https:\/\/panoramacritico.com\/revista\/publique-conosco\/\" data-type=\"page\" data-id=\"1315\">Publique conosco<\/a>!<\/p>\n","protected":false},"excerpt":{"rendered":"<p>A&nbsp;Editora Panorama Cr\u00edtico&nbsp;surgiu em 2009 buscando ser um local para novos autores. Iniciou suas atividades com a cria\u00e7\u00e3o e publica\u00e7\u00e3o, em 2008, da Revista Panorama Cr\u00edtico, dando continuidade com diversas publica\u00e7\u00f5es realizados pelo nosso selo. Estamos sempre em busca de novos desafios e oportunidades atrav\u00e9s de parcerias e mantendo um canal constantemente aberto para o [&hellip;]<\/p>\n","protected":false},"author":1,"featured_media":0,"parent":0,"menu_order":0,"comment_status":"closed","ping_status":"closed","template":"","meta":{"footnotes":""},"class_list":["post-184","page","type-page","status-publish","hentry","post"],"_links":{"self":[{"href":"https:\/\/panoramacritico.com\/revista\/wp-json\/wp\/v2\/pages\/184","targetHints":{"allow":["GET"]}}],"collection":[{"href":"https:\/\/panoramacritico.com\/revista\/wp-json\/wp\/v2\/pages"}],"about":[{"href":"https:\/\/panoramacritico.com\/revista\/wp-json\/wp\/v2\/types\/page"}],"author":[{"embeddable":true,"href":"https:\/\/panoramacritico.com\/revista\/wp-json\/wp\/v2\/users\/1"}],"replies":[{"embeddable":true,"href":"https:\/\/panoramacritico.com\/revista\/wp-json\/wp\/v2\/comments?post=184"}],"version-history":[{"count":9,"href":"https:\/\/panoramacritico.com\/revista\/wp-json\/wp\/v2\/pages\/184\/revisions"}],"predecessor-version":[{"id":1453,"href":"https:\/\/panoramacritico.com\/revista\/wp-json\/wp\/v2\/pages\/184\/revisions\/1453"}],"wp:attachment":[{"href":"https:\/\/panoramacritico.com\/revista\/wp-json\/wp\/v2\/media?parent=184"}],"curies":[{"name":"wp","href":"https:\/\/api.w.org\/{rel}","templated":true}]}}