{"id":207,"date":"2021-11-04T19:24:35","date_gmt":"2021-11-04T19:24:35","guid":{"rendered":"http:\/\/br1056.teste.website\/~panor514\/revista.panoramacritico.com\/?page_id=207"},"modified":"2021-11-23T12:40:26","modified_gmt":"2021-11-23T12:40:26","slug":"meio-volume-i","status":"publish","type":"page","link":"https:\/\/panoramacritico.com\/revista\/livros\/meio-volume-i\/","title":{"rendered":"MEIO (VOLUME I)"},"content":{"rendered":"\n<div class=\"wp-block-media-text alignwide is-stacked-on-mobile is-vertically-aligned-top\" style=\"grid-template-columns:35% auto\"><figure class=\"wp-block-media-text__media\"><img loading=\"lazy\" decoding=\"async\" width=\"702\" height=\"1024\" src=\"https:\/\/panoramacritico.com\/revista\/wp-content\/uploads\/2021\/11\/meio-702x1024.jpg\" alt=\"\" class=\"wp-image-208 size-full\" srcset=\"https:\/\/panoramacritico.com\/revista\/wp-content\/uploads\/2021\/11\/meio-702x1024.jpg 702w, https:\/\/panoramacritico.com\/revista\/wp-content\/uploads\/2021\/11\/meio-206x300.jpg 206w, https:\/\/panoramacritico.com\/revista\/wp-content\/uploads\/2021\/11\/meio-768x1121.jpg 768w, https:\/\/panoramacritico.com\/revista\/wp-content\/uploads\/2021\/11\/meio-1053x1536.jpg 1053w, https:\/\/panoramacritico.com\/revista\/wp-content\/uploads\/2021\/11\/meio-scaled.jpg 1754w\" sizes=\"auto, (max-width: 702px) 100vw, 702px\" \/><\/figure><div class=\"wp-block-media-text__content\">\n<p><em>Org.: Daniela Marx e Marcos Sari&nbsp;<\/em><\/p>\n\n\n\n<p>O projeto Meio, iniciado em Porto Alegre em setembro de 2003, lan\u00e7a seu primeiro volume reunindo a compila\u00e7\u00e3o das dez edi\u00e7\u00f5es desta \u201cesp\u00e9cie de <em>fanzine <\/em>de arte contempor\u00e2nea\u201d. O Meio (Volume I) tem a participa\u00e7\u00e3o de 78 colaboradores. O Volume re\u00fane ainda sete textos de colaboradores especialmente convidados para esta edi\u00e7\u00e3o. <\/p>\n<\/div><\/div>\n\n\n\n<p class=\"has-text-align-left has-small-font-size\">ISBN: 9788563870018<br>Idioma: portugu\u00eas<br>Edi\u00e7\u00e3o: 1\u00aa <br>Ano: 2010<br>P\u00e1ginas: 224<\/p>\n","protected":false},"excerpt":{"rendered":"<p>Org.: Daniela Marx e Marcos Sari&nbsp; O projeto Meio, iniciado em Porto Alegre em setembro de 2003, lan\u00e7a seu primeiro volume reunindo a compila\u00e7\u00e3o das dez edi\u00e7\u00f5es desta \u201cesp\u00e9cie de fanzine de arte contempor\u00e2nea\u201d. O Meio (Volume I) tem a participa\u00e7\u00e3o de 78 colaboradores. O Volume re\u00fane ainda sete textos de colaboradores especialmente convidados para [&hellip;]<\/p>\n","protected":false},"author":3,"featured_media":0,"parent":95,"menu_order":0,"comment_status":"closed","ping_status":"closed","template":"","meta":{"footnotes":""},"class_list":["post-207","page","type-page","status-publish","hentry","post"],"_links":{"self":[{"href":"https:\/\/panoramacritico.com\/revista\/wp-json\/wp\/v2\/pages\/207","targetHints":{"allow":["GET"]}}],"collection":[{"href":"https:\/\/panoramacritico.com\/revista\/wp-json\/wp\/v2\/pages"}],"about":[{"href":"https:\/\/panoramacritico.com\/revista\/wp-json\/wp\/v2\/types\/page"}],"author":[{"embeddable":true,"href":"https:\/\/panoramacritico.com\/revista\/wp-json\/wp\/v2\/users\/3"}],"replies":[{"embeddable":true,"href":"https:\/\/panoramacritico.com\/revista\/wp-json\/wp\/v2\/comments?post=207"}],"version-history":[{"count":14,"href":"https:\/\/panoramacritico.com\/revista\/wp-json\/wp\/v2\/pages\/207\/revisions"}],"predecessor-version":[{"id":1094,"href":"https:\/\/panoramacritico.com\/revista\/wp-json\/wp\/v2\/pages\/207\/revisions\/1094"}],"up":[{"embeddable":true,"href":"https:\/\/panoramacritico.com\/revista\/wp-json\/wp\/v2\/pages\/95"}],"wp:attachment":[{"href":"https:\/\/panoramacritico.com\/revista\/wp-json\/wp\/v2\/media?parent=207"}],"curies":[{"name":"wp","href":"https:\/\/api.w.org\/{rel}","templated":true}]}}