{"id":239,"date":"2021-11-04T19:39:04","date_gmt":"2021-11-04T19:39:04","guid":{"rendered":"http:\/\/br1056.teste.website\/~panor514\/revista.panoramacritico.com\/?page_id=239"},"modified":"2021-11-23T12:34:00","modified_gmt":"2021-11-23T12:34:00","slug":"arte-contemporanea-no-ia-nova-geracao","status":"publish","type":"page","link":"https:\/\/panoramacritico.com\/revista\/livros\/arte-contemporanea-no-ia-nova-geracao\/","title":{"rendered":"Arte Contempor\u00e2nea no IA: Nova Gera\u00e7\u00e3o"},"content":{"rendered":"\n<div class=\"wp-block-media-text alignwide is-stacked-on-mobile is-vertically-aligned-top\" style=\"grid-template-columns:40% auto\"><figure class=\"wp-block-media-text__media\"><img loading=\"lazy\" decoding=\"async\" width=\"737\" height=\"1024\" src=\"https:\/\/panoramacritico.com\/revista\/wp-content\/uploads\/2021\/11\/artecontempnovageracaoIA-737x1024.jpg\" alt=\"\" class=\"wp-image-183 size-full\" srcset=\"https:\/\/panoramacritico.com\/revista\/wp-content\/uploads\/2021\/11\/artecontempnovageracaoIA-737x1024.jpg 737w, https:\/\/panoramacritico.com\/revista\/wp-content\/uploads\/2021\/11\/artecontempnovageracaoIA-216x300.jpg 216w, https:\/\/panoramacritico.com\/revista\/wp-content\/uploads\/2021\/11\/artecontempnovageracaoIA-768x1068.jpg 768w, https:\/\/panoramacritico.com\/revista\/wp-content\/uploads\/2021\/11\/artecontempnovageracaoIA-1105x1536.jpg 1105w, https:\/\/panoramacritico.com\/revista\/wp-content\/uploads\/2021\/11\/artecontempnovageracaoIA-scaled.jpg 1842w\" sizes=\"auto, (max-width: 737px) 100vw, 737px\" \/><\/figure><div class=\"wp-block-media-text__content\">\n<p><em> Org.: Ana Maria Albani de Carvalho<\/em><\/p>\n\n\n\n<p>O exerc\u00edcio de engajamento dos rec\u00e9m-formados em artes pl\u00e1sticas no laborioso processo de concep\u00e7\u00e3o e produ\u00e7\u00e3o de uma exposi\u00e7\u00e3o de arte tamb\u00e9m representa uma aposta na qualifica\u00e7\u00e3o do exerc\u00edcio profissional em nosso meio, atrav\u00e9s da forma\u00e7\u00e3o de uma variada gama de profissionais aptos a nele atuar, seja como artista, professor, pesquisador, historiador da arte, cr\u00edtico, curador, muse\u00f3grafo, produtor cultural, entre outras possibilidades. Esperamos igualmente, que a presente publica\u00e7\u00e3o \u2013 que gra\u00e7as \u00e0 parceria estabelecida com a Editora Panorama Cr\u00edtico poder\u00e1 ser indexada como livro \u2013 cumpra seu papel no processo de registro e difus\u00e3o do conhecimento gerado pelas artes visuais no contexto da Universidade p\u00fablica. <\/p>\n\n\n\n<p>Dispon\u00edvel para download gratuito:<br><a href=\"https:\/\/www.dropbox.com\/s\/830hmyz45h9lmaq\/Cat%C3%A1logo_IA.pdf?dl=1\" data-type=\"URL\" data-id=\"https:\/\/www.dropbox.com\/s\/830hmyz45h9lmaq\/Cat%C3%A1logo_IA.pdf?dl=1\" target=\"_blank\" rel=\"noreferrer noopener\">pdf<\/a> <\/p>\n<\/div><\/div>\n\n\n\n<p class=\"has-text-align-left has-small-font-size\">ISBN: 9788563870032<br>Idioma: portugu\u00eas<br>Edi\u00e7\u00e3o: 1\u00aa <br>Ano: 2010<br>P\u00e1ginas: 70<\/p>\n","protected":false},"excerpt":{"rendered":"<p>Org.: Ana Maria Albani de Carvalho O exerc\u00edcio de engajamento dos rec\u00e9m-formados em artes pl\u00e1sticas no laborioso processo de concep\u00e7\u00e3o e produ\u00e7\u00e3o de uma exposi\u00e7\u00e3o de arte tamb\u00e9m representa uma aposta na qualifica\u00e7\u00e3o do exerc\u00edcio profissional em nosso meio, atrav\u00e9s da forma\u00e7\u00e3o de uma variada gama de profissionais aptos a nele atuar, seja como artista, [&hellip;]<\/p>\n","protected":false},"author":3,"featured_media":0,"parent":95,"menu_order":0,"comment_status":"closed","ping_status":"closed","template":"","meta":{"footnotes":""},"class_list":["post-239","page","type-page","status-publish","hentry","post"],"_links":{"self":[{"href":"https:\/\/panoramacritico.com\/revista\/wp-json\/wp\/v2\/pages\/239","targetHints":{"allow":["GET"]}}],"collection":[{"href":"https:\/\/panoramacritico.com\/revista\/wp-json\/wp\/v2\/pages"}],"about":[{"href":"https:\/\/panoramacritico.com\/revista\/wp-json\/wp\/v2\/types\/page"}],"author":[{"embeddable":true,"href":"https:\/\/panoramacritico.com\/revista\/wp-json\/wp\/v2\/users\/3"}],"replies":[{"embeddable":true,"href":"https:\/\/panoramacritico.com\/revista\/wp-json\/wp\/v2\/comments?post=239"}],"version-history":[{"count":8,"href":"https:\/\/panoramacritico.com\/revista\/wp-json\/wp\/v2\/pages\/239\/revisions"}],"predecessor-version":[{"id":1077,"href":"https:\/\/panoramacritico.com\/revista\/wp-json\/wp\/v2\/pages\/239\/revisions\/1077"}],"up":[{"embeddable":true,"href":"https:\/\/panoramacritico.com\/revista\/wp-json\/wp\/v2\/pages\/95"}],"wp:attachment":[{"href":"https:\/\/panoramacritico.com\/revista\/wp-json\/wp\/v2\/media?parent=239"}],"curies":[{"name":"wp","href":"https:\/\/api.w.org\/{rel}","templated":true}]}}