{"id":253,"date":"2021-11-04T20:29:07","date_gmt":"2021-11-04T20:29:07","guid":{"rendered":"http:\/\/br1056.teste.website\/~panor514\/revista.panoramacritico.com\/?page_id=253"},"modified":"2022-01-19T15:00:22","modified_gmt":"2022-01-19T15:00:22","slug":"vetor-subterranea-como-plataforma-de-resistencias","status":"publish","type":"page","link":"https:\/\/panoramacritico.com\/revista\/livros\/vetor-subterranea-como-plataforma-de-resistencias\/","title":{"rendered":"Vetor: Subterr\u00e2nea como plataforma de resid\u00eancias"},"content":{"rendered":"\n<div class=\"wp-block-media-text alignwide is-stacked-on-mobile is-vertically-aligned-top\" style=\"grid-template-columns:40% auto\"><figure class=\"wp-block-media-text__media\"><img loading=\"lazy\" decoding=\"async\" width=\"871\" height=\"1024\" src=\"https:\/\/panoramacritico.com\/revista\/wp-content\/uploads\/2021\/11\/Vetor_-subterranea-1-871x1024.jpg\" alt=\"\" class=\"wp-image-1004 size-full\" srcset=\"https:\/\/panoramacritico.com\/revista\/wp-content\/uploads\/2021\/11\/Vetor_-subterranea-1-871x1024.jpg 871w, https:\/\/panoramacritico.com\/revista\/wp-content\/uploads\/2021\/11\/Vetor_-subterranea-1-255x300.jpg 255w, https:\/\/panoramacritico.com\/revista\/wp-content\/uploads\/2021\/11\/Vetor_-subterranea-1-768x903.jpg 768w, https:\/\/panoramacritico.com\/revista\/wp-content\/uploads\/2021\/11\/Vetor_-subterranea-1-1306x1536.jpg 1306w, https:\/\/panoramacritico.com\/revista\/wp-content\/uploads\/2021\/11\/Vetor_-subterranea-1-1741x2048.jpg 1741w, https:\/\/panoramacritico.com\/revista\/wp-content\/uploads\/2021\/11\/Vetor_-subterranea-1.jpg 2008w\" sizes=\"auto, (max-width: 871px) 100vw, 871px\" \/><\/figure><div class=\"wp-block-media-text__content\">\n<p><em>Org.: Lilian Maus&nbsp;<\/em><\/p>\n\n\n\n<p>O projeto, contemplado na 9\u00aa Edi\u00e7\u00e3o do Programa Rede Nacional Funarte Artes Visuais, consistiu na realiza\u00e7\u00e3o de tr\u00eas resid\u00eancias de artistas de outras regi\u00f5es do Brasil no interior do Rio Grande do Sul. \u00cdcaro Lira, do Cear\u00e1, foi selecionado para resid\u00eancia no Litoral\/Lagoa dos Patos, Lu\u00edsa N\u00f3brega, de S\u00e3o Paulo, foi para o Pampa, e Sara Lambranho, de Mina Gerais, realizou a resid\u00eancia na Serra ga\u00facha. Ao final do projeto, as produ\u00e7\u00f5es dos artistas foram apresentadas no Atelier Subterr\u00e2nea em exposi\u00e7\u00e3o. No encerramento da mostra, foram lan\u00e7ados o cat\u00e1logo e o DVD do projeto.<\/p>\n\n\n\n<p>Dispon\u00edvel para download gratuito:<br><a href=\"https:\/\/www.dropbox.com\/s\/l4l95lpmzwgpn32\/Subterr%C3%A2nea_Vetor.pdf?dl=1\" data-type=\"URL\" data-id=\"https:\/\/www.dropbox.com\/s\/l4l95lpmzwgpn32\/Subterr%C3%A2nea_Vetor.pdf?dl=1\" target=\"_blank\" rel=\"noreferrer noopener\">pdf<\/a><\/p>\n<\/div><\/div>\n\n\n\n<p class=\"has-small-font-size\">ISBN: 9788563870094<br>Idioma: portugu\u00eas<br>Edi\u00e7\u00e3o: 1\u00aa <br>Ano: 2013<br>P\u00e1ginas: 32<\/p>\n","protected":false},"excerpt":{"rendered":"<p>Org.: Lilian Maus&nbsp; O projeto, contemplado na 9\u00aa Edi\u00e7\u00e3o do Programa Rede Nacional Funarte Artes Visuais, consistiu na realiza\u00e7\u00e3o de tr\u00eas resid\u00eancias de artistas de outras regi\u00f5es do Brasil no interior do Rio Grande do Sul. \u00cdcaro Lira, do Cear\u00e1, foi selecionado para resid\u00eancia no Litoral\/Lagoa dos Patos, Lu\u00edsa N\u00f3brega, de S\u00e3o Paulo, foi para [&hellip;]<\/p>\n","protected":false},"author":3,"featured_media":0,"parent":95,"menu_order":0,"comment_status":"closed","ping_status":"closed","template":"","meta":{"footnotes":""},"class_list":["post-253","page","type-page","status-publish","hentry","post"],"_links":{"self":[{"href":"https:\/\/panoramacritico.com\/revista\/wp-json\/wp\/v2\/pages\/253","targetHints":{"allow":["GET"]}}],"collection":[{"href":"https:\/\/panoramacritico.com\/revista\/wp-json\/wp\/v2\/pages"}],"about":[{"href":"https:\/\/panoramacritico.com\/revista\/wp-json\/wp\/v2\/types\/page"}],"author":[{"embeddable":true,"href":"https:\/\/panoramacritico.com\/revista\/wp-json\/wp\/v2\/users\/3"}],"replies":[{"embeddable":true,"href":"https:\/\/panoramacritico.com\/revista\/wp-json\/wp\/v2\/comments?post=253"}],"version-history":[{"count":7,"href":"https:\/\/panoramacritico.com\/revista\/wp-json\/wp\/v2\/pages\/253\/revisions"}],"predecessor-version":[{"id":1797,"href":"https:\/\/panoramacritico.com\/revista\/wp-json\/wp\/v2\/pages\/253\/revisions\/1797"}],"up":[{"embeddable":true,"href":"https:\/\/panoramacritico.com\/revista\/wp-json\/wp\/v2\/pages\/95"}],"wp:attachment":[{"href":"https:\/\/panoramacritico.com\/revista\/wp-json\/wp\/v2\/media?parent=253"}],"curies":[{"name":"wp","href":"https:\/\/api.w.org\/{rel}","templated":true}]}}