{"id":255,"date":"2021-11-04T20:31:47","date_gmt":"2021-11-04T20:31:47","guid":{"rendered":"http:\/\/br1056.teste.website\/~panor514\/revista.panoramacritico.com\/?page_id=255"},"modified":"2022-01-25T21:39:06","modified_gmt":"2022-01-25T21:39:06","slug":"cep-corpo-espaco-e-percurso","status":"publish","type":"page","link":"https:\/\/panoramacritico.com\/revista\/livros\/cep-corpo-espaco-e-percurso\/","title":{"rendered":"CEP: Corpo, Espa\u00e7o e Percurso"},"content":{"rendered":"\n<div class=\"wp-block-media-text alignwide is-stacked-on-mobile is-vertically-aligned-top\" style=\"grid-template-columns:47% auto\"><figure class=\"wp-block-media-text__media\"><img loading=\"lazy\" decoding=\"async\" width=\"966\" height=\"778\" src=\"https:\/\/panoramacritico.com\/revista\/wp-content\/uploads\/2021\/11\/CEP_capa.jpg\" alt=\"\" class=\"wp-image-219 size-full\" srcset=\"https:\/\/panoramacritico.com\/revista\/wp-content\/uploads\/2021\/11\/CEP_capa.jpg 966w, https:\/\/panoramacritico.com\/revista\/wp-content\/uploads\/2021\/11\/CEP_capa-300x242.jpg 300w, https:\/\/panoramacritico.com\/revista\/wp-content\/uploads\/2021\/11\/CEP_capa-768x619.jpg 768w\" sizes=\"auto, (max-width: 966px) 100vw, 966px\" \/><\/figure><div class=\"wp-block-media-text__content\">\n<p><em>Org.: T\u00falio Pinto<\/em><\/p>\n\n\n\n<p>O Projeto CEP \u2013 Corpo, Espa\u00e7o e Percurso \u00e9 uma proposta de resid\u00eancia m\u00f3vel, centrada na reflex\u00e3o gerada pela situa\u00e7\u00e3o de conviv\u00eancia com o ser\/estar estrangeiro, onde o projetado e o inesperado se confundem, sendo elementos fundamentais para a constru\u00e7\u00e3o da experi\u00eancia. Aprovado no Programa Rede Nacional Funarte Artes Visuais 9\u00aa Edi\u00e7\u00e3o, este projeto \u00e9 pensado como um interc\u00e2mbio de experi\u00eancias entre o territ\u00f3rio do estado do Rio grande do Norte e do Rio Grande do Sul, a partir da colabora\u00e7\u00e3o estabelecida entre o artista T\u00falio Pinto, residente em Porto Alegre, e o Coletivo ES3 no papel do performer Andr\u00e9 Bezerra baseado na cidade de Natal, explorando o olhar estrangeiro do artista e do outro, o deslocamento e inser\u00e7\u00e3o do corpo na paisagem estrangeira e seus registros e modifica\u00e7\u00f5es.<br>O projeto \u00e9 composto por duas propostas art\u00edsticas, com vis\u00f5es e conceitos espec\u00edficos e regionais dos artistas participantes. <\/p>\n\n\n\n<p>Dispon\u00edvel para download gratuito:<br><a rel=\"noreferrer noopener\" href=\"https:\/\/www.dropbox.com\/s\/p1ft36jw7tzfww4\/CEP.pdf?dl=1\" target=\"_blank\">pdf<\/a><\/p>\n<\/div><\/div>\n\n\n\n<p class=\"has-small-font-size\">ISBN: 9788563870100<br>Idioma: portugu\u00eas<br>Edi\u00e7\u00e3o: 1\u00aa <br>Ano: 2013<br>P\u00e1ginas: 36<\/p>\n","protected":false},"excerpt":{"rendered":"<p>Org.: T\u00falio Pinto O Projeto CEP \u2013 Corpo, Espa\u00e7o e Percurso \u00e9 uma proposta de resid\u00eancia m\u00f3vel, centrada na reflex\u00e3o gerada pela situa\u00e7\u00e3o de conviv\u00eancia com o ser\/estar estrangeiro, onde o projetado e o inesperado se confundem, sendo elementos fundamentais para a constru\u00e7\u00e3o da experi\u00eancia. Aprovado no Programa Rede Nacional Funarte Artes Visuais 9\u00aa Edi\u00e7\u00e3o, [&hellip;]<\/p>\n","protected":false},"author":3,"featured_media":0,"parent":95,"menu_order":0,"comment_status":"closed","ping_status":"closed","template":"","meta":{"footnotes":""},"class_list":["post-255","page","type-page","status-publish","hentry","post"],"_links":{"self":[{"href":"https:\/\/panoramacritico.com\/revista\/wp-json\/wp\/v2\/pages\/255","targetHints":{"allow":["GET"]}}],"collection":[{"href":"https:\/\/panoramacritico.com\/revista\/wp-json\/wp\/v2\/pages"}],"about":[{"href":"https:\/\/panoramacritico.com\/revista\/wp-json\/wp\/v2\/types\/page"}],"author":[{"embeddable":true,"href":"https:\/\/panoramacritico.com\/revista\/wp-json\/wp\/v2\/users\/3"}],"replies":[{"embeddable":true,"href":"https:\/\/panoramacritico.com\/revista\/wp-json\/wp\/v2\/comments?post=255"}],"version-history":[{"count":8,"href":"https:\/\/panoramacritico.com\/revista\/wp-json\/wp\/v2\/pages\/255\/revisions"}],"predecessor-version":[{"id":1816,"href":"https:\/\/panoramacritico.com\/revista\/wp-json\/wp\/v2\/pages\/255\/revisions\/1816"}],"up":[{"embeddable":true,"href":"https:\/\/panoramacritico.com\/revista\/wp-json\/wp\/v2\/pages\/95"}],"wp:attachment":[{"href":"https:\/\/panoramacritico.com\/revista\/wp-json\/wp\/v2\/media?parent=255"}],"curies":[{"name":"wp","href":"https:\/\/api.w.org\/{rel}","templated":true}]}}