{"id":259,"date":"2021-11-04T20:37:57","date_gmt":"2021-11-04T20:37:57","guid":{"rendered":"http:\/\/br1056.teste.website\/~panor514\/revista.panoramacritico.com\/?page_id=259"},"modified":"2022-03-18T12:38:48","modified_gmt":"2022-03-18T12:38:48","slug":"viagem-pela-linha-invisivel-2","status":"publish","type":"page","link":"https:\/\/panoramacritico.com\/revista\/livros\/viagem-pela-linha-invisivel-2\/","title":{"rendered":"Viagem pela linha invis\u00edvel"},"content":{"rendered":"\n<div class=\"wp-block-media-text alignwide is-stacked-on-mobile is-vertically-aligned-top\" style=\"grid-template-columns:38% auto\"><figure class=\"wp-block-media-text__media\"><img loading=\"lazy\" decoding=\"async\" width=\"809\" height=\"950\" src=\"https:\/\/panoramacritico.com\/revista\/wp-content\/uploads\/2021\/11\/Viagem-pela-linha-invisivel.jpg\" alt=\"\" class=\"wp-image-228 size-full\" srcset=\"https:\/\/panoramacritico.com\/revista\/wp-content\/uploads\/2021\/11\/Viagem-pela-linha-invisivel.jpg 809w, https:\/\/panoramacritico.com\/revista\/wp-content\/uploads\/2021\/11\/Viagem-pela-linha-invisivel-255x300.jpg 255w, https:\/\/panoramacritico.com\/revista\/wp-content\/uploads\/2021\/11\/Viagem-pela-linha-invisivel-768x902.jpg 768w\" sizes=\"auto, (max-width: 809px) 100vw, 809px\" \/><\/figure><div class=\"wp-block-media-text__content\">\n<p><em>Org.: Eduardo Veras e Marco Antonio Filho<\/em><\/p>\n\n\n\n<p>Viagem pela linha invis\u00edvel \u00e9 o resultado de uma expedi\u00e7\u00e3o realizada ao longo da fronteira que separa o estado do Rio Grande do Sul dos pa\u00edses vizinhos, Argentina e Uruguai. O resultado final \u2013 apresentado em forma de publica\u00e7\u00e3o e exposi\u00e7\u00e3o \u2013 \u00e9 um relato de viagem que busca, de forma intimista e pessoal, refletir sobre as caracter\u00edsticas universais e particulares deste territ\u00f3rio: espa\u00e7o quase sempre perif\u00e9rico, pouco habitado, in\u00f3spito \u2013 que assinala tanto os limites quanto as porosidades entre os pa\u00edses \u2013 e que, no caso dessa fronteira em particular, condensa a lembran\u00e7a de guerras sangrentas e de persistentes tradi\u00e7\u00f5es. <\/p>\n\n\n\n<div class=\"wp-block-buttons is-layout-flex wp-block-buttons-is-layout-flex\">\n<div class=\"wp-block-button has-custom-font-size is-style-outline has-medium-font-size is-style-outline--1\"><a class=\"wp-block-button__link has-vivid-red-color has-text-color\" href=\"https:\/\/panoramacritico.mercadoshops.com.br\/MLB-2188460247-viagem-pela-linha-invisivel-_JM\" target=\"_blank\" rel=\"noreferrer noopener\">Comprar!<\/a><\/div>\n<\/div>\n<\/div><\/div>\n\n\n\n<p class=\"has-small-font-size\">ISBN: 9788563870124<br>Idioma: portugu\u00eas<br>Edi\u00e7\u00e3o: 1\u00aa <br>Ano: 2014<br>P\u00e1ginas: 40<\/p>\n","protected":false},"excerpt":{"rendered":"<p>ISBN: 9788563870124Idioma: portugu\u00easEdi\u00e7\u00e3o: 1\u00aa Ano: 2014P\u00e1ginas: 40<\/p>\n","protected":false},"author":3,"featured_media":0,"parent":95,"menu_order":0,"comment_status":"closed","ping_status":"closed","template":"","meta":{"footnotes":""},"class_list":["post-259","page","type-page","status-publish","hentry","post"],"_links":{"self":[{"href":"https:\/\/panoramacritico.com\/revista\/wp-json\/wp\/v2\/pages\/259","targetHints":{"allow":["GET"]}}],"collection":[{"href":"https:\/\/panoramacritico.com\/revista\/wp-json\/wp\/v2\/pages"}],"about":[{"href":"https:\/\/panoramacritico.com\/revista\/wp-json\/wp\/v2\/types\/page"}],"author":[{"embeddable":true,"href":"https:\/\/panoramacritico.com\/revista\/wp-json\/wp\/v2\/users\/3"}],"replies":[{"embeddable":true,"href":"https:\/\/panoramacritico.com\/revista\/wp-json\/wp\/v2\/comments?post=259"}],"version-history":[{"count":10,"href":"https:\/\/panoramacritico.com\/revista\/wp-json\/wp\/v2\/pages\/259\/revisions"}],"predecessor-version":[{"id":2039,"href":"https:\/\/panoramacritico.com\/revista\/wp-json\/wp\/v2\/pages\/259\/revisions\/2039"}],"up":[{"embeddable":true,"href":"https:\/\/panoramacritico.com\/revista\/wp-json\/wp\/v2\/pages\/95"}],"wp:attachment":[{"href":"https:\/\/panoramacritico.com\/revista\/wp-json\/wp\/v2\/media?parent=259"}],"curies":[{"name":"wp","href":"https:\/\/api.w.org\/{rel}","templated":true}]}}