{"id":261,"date":"2021-11-04T20:47:03","date_gmt":"2021-11-04T20:47:03","guid":{"rendered":"http:\/\/br1056.teste.website\/~panor514\/revista.panoramacritico.com\/?page_id=261"},"modified":"2023-08-10T18:06:15","modified_gmt":"2023-08-10T18:06:15","slug":"a-palavra-esta-com-elas-dialogos-sobre-a-insercao-da-mulher-nas-artes-visuais","status":"publish","type":"page","link":"https:\/\/panoramacritico.com\/revista\/livros\/a-palavra-esta-com-elas-dialogos-sobre-a-insercao-da-mulher-nas-artes-visuais\/","title":{"rendered":"A palavra est\u00e1 com elas: di\u00e1logos sobre a inser\u00e7\u00e3o da mulher nas artes visuais"},"content":{"rendered":"\n<div class=\"wp-block-media-text alignwide is-stacked-on-mobile is-vertically-aligned-top\" style=\"grid-template-columns:40% auto\"><figure class=\"wp-block-media-text__media\"><img loading=\"lazy\" decoding=\"async\" width=\"769\" height=\"1024\" src=\"https:\/\/panoramacritico.com\/revista\/wp-content\/uploads\/2021\/11\/a_palavra_esta_com_elas-1-769x1024.png\" alt=\"\" class=\"wp-image-213 size-full\" srcset=\"https:\/\/panoramacritico.com\/revista\/wp-content\/uploads\/2021\/11\/a_palavra_esta_com_elas-1-769x1024.png 769w, https:\/\/panoramacritico.com\/revista\/wp-content\/uploads\/2021\/11\/a_palavra_esta_com_elas-1-225x300.png 225w, https:\/\/panoramacritico.com\/revista\/wp-content\/uploads\/2021\/11\/a_palavra_esta_com_elas-1-768x1023.png 768w, https:\/\/panoramacritico.com\/revista\/wp-content\/uploads\/2021\/11\/a_palavra_esta_com_elas-1-1153x1536.png 1153w, https:\/\/panoramacritico.com\/revista\/wp-content\/uploads\/2021\/11\/a_palavra_esta_com_elas-1-1537x2048.png 1537w, https:\/\/panoramacritico.com\/revista\/wp-content\/uploads\/2021\/11\/a_palavra_esta_com_elas-1.png 1975w\" sizes=\"auto, (max-width: 769px) 100vw, 769px\" \/><\/figure><div class=\"wp-block-media-text__content\">\n<p><em>Org.: Lilian Maus&nbsp;<\/em><\/p>\n\n\n\n<p>O livro \u00e9 o carro-chefe do projeto Atelier como espa\u00e7o de conversa, contemplado pelo Pr\u00eamio Funarte Mulheres nas Artes Visuais. Organizada pela artista e gestora Lilian Maus, a publica\u00e7\u00e3o foi realizada no primeiro semestre de 2014 e consiste em uma compila\u00e7\u00e3o de entrevistas realizadas pela jornalista Isabel Waquil com Gl\u00f3ria Ferreira, Fabiana Faleiros, Vera Chaves Barcellos, Beatriz Lemos, Maria Helena Bernardes, Francisca Caporali, Samantha Moreira, Lia Menna Barreto, Bruna Fetter e Cristiana Tejo. Al\u00e9m dos di\u00e1logos que versam sobre as trajet\u00f3rias das entrevistadas no campo da arte contempor\u00e2nea e de suas respectivas percep\u00e7\u00f5es sobre a participa\u00e7\u00e3o das mulheres neste cen\u00e1rio, o livro apresenta interven\u00e7\u00f5es de Fabiana Faleiros e ilustra\u00e7\u00f5es de Let\u00edcia Arais Lopes. <br>A edi\u00e7\u00e3o \u00e9 bil\u00edngue, com vers\u00e3o em ingl\u00eas realizada por J\u00e9ssica Preuss.<\/p>\n\n\n\n<p>Dispon\u00edvel para download gratuito:<br><a href=\"https:\/\/www.dropbox.com\/scl\/fi\/pz9q843erhryrjmx6bbq5\/A-palavra-esta-com-elas-Maus-Lilian-Waquil-Isabel.epub?rlkey=kh1rdp1vy4vrotfh4vh0w1j2g&amp;dl=1\" data-type=\"URL\" data-id=\"https:\/\/www.dropbox.com\/s\/lkw3qtu05o2tk9k\/A%20palavra%20esta%20com%20elas%20-%20Maus%2C%20Lilian%3B%20Waquil%2C%20Isabel.epub?dl=1\" target=\"_blank\" rel=\"noreferrer noopener\">epub<\/a><br><a href=\"https:\/\/www.dropbox.com\/scl\/fi\/7n9f5gr9as20kfnfnlg00\/A-palavra-esta-com-elas-Maus-Lilian-Waquil-Isabel.mobi?rlkey=bjshyj3bb4artazmdbtqcgtsj&amp;dl=1\" data-type=\"URL\" data-id=\"https:\/\/www.dropbox.com\/s\/w3gblyko1m9g8ln\/A%20palavra%20esta%20com%20elas%20-%20Maus%2C%20Lilian%3B%20Waquil%2C%20Isabel.mobi?dl=1\" target=\"_blank\" rel=\"noreferrer noopener\">mobi<\/a><br><a href=\"https:\/\/www.dropbox.com\/scl\/fi\/4safob2lcbrfxfiild7i5\/a_palavra_esta_com_elas.pdf?rlkey=f13o5qsooo4r5lwgukcqg7pbg&amp;dl=1\" data-type=\"URL\" data-id=\"https:\/\/www.dropbox.com\/s\/cl0mixyojhw6qhu\/a_palavra_esta_com_elas.pdf?dl=1\" target=\"_blank\" rel=\"noreferrer noopener\">pdf<\/a><\/p>\n<\/div><\/div>\n\n\n\n<p class=\"has-small-font-size\">ISBN: 9788563870131<br>Idioma: portugu\u00eas \/ ingl\u00eas<br>Edi\u00e7\u00e3o: 1\u00aa<br>Ano: 2014<br>P\u00e1ginas: 200<br><\/p>\n","protected":false},"excerpt":{"rendered":"<p>Org.: Lilian Maus&nbsp; O livro \u00e9 o carro-chefe do projeto Atelier como espa\u00e7o de conversa, contemplado pelo Pr\u00eamio Funarte Mulheres nas Artes Visuais. Organizada pela artista e gestora Lilian Maus, a publica\u00e7\u00e3o foi realizada no primeiro semestre de 2014 e consiste em uma compila\u00e7\u00e3o de entrevistas realizadas pela jornalista Isabel Waquil com Gl\u00f3ria Ferreira, Fabiana [&hellip;]<\/p>\n","protected":false},"author":3,"featured_media":0,"parent":95,"menu_order":0,"comment_status":"closed","ping_status":"closed","template":"","meta":{"footnotes":""},"class_list":["post-261","page","type-page","status-publish","hentry","post"],"_links":{"self":[{"href":"https:\/\/panoramacritico.com\/revista\/wp-json\/wp\/v2\/pages\/261","targetHints":{"allow":["GET"]}}],"collection":[{"href":"https:\/\/panoramacritico.com\/revista\/wp-json\/wp\/v2\/pages"}],"about":[{"href":"https:\/\/panoramacritico.com\/revista\/wp-json\/wp\/v2\/types\/page"}],"author":[{"embeddable":true,"href":"https:\/\/panoramacritico.com\/revista\/wp-json\/wp\/v2\/users\/3"}],"replies":[{"embeddable":true,"href":"https:\/\/panoramacritico.com\/revista\/wp-json\/wp\/v2\/comments?post=261"}],"version-history":[{"count":15,"href":"https:\/\/panoramacritico.com\/revista\/wp-json\/wp\/v2\/pages\/261\/revisions"}],"predecessor-version":[{"id":3500,"href":"https:\/\/panoramacritico.com\/revista\/wp-json\/wp\/v2\/pages\/261\/revisions\/3500"}],"up":[{"embeddable":true,"href":"https:\/\/panoramacritico.com\/revista\/wp-json\/wp\/v2\/pages\/95"}],"wp:attachment":[{"href":"https:\/\/panoramacritico.com\/revista\/wp-json\/wp\/v2\/media?parent=261"}],"curies":[{"name":"wp","href":"https:\/\/api.w.org\/{rel}","templated":true}]}}