{"id":263,"date":"2021-11-04T20:49:11","date_gmt":"2021-11-04T20:49:11","guid":{"rendered":"http:\/\/br1056.teste.website\/~panor514\/revista.panoramacritico.com\/?page_id=263"},"modified":"2023-08-10T18:01:35","modified_gmt":"2023-08-10T18:01:35","slug":"experimentacoes-etico-esteticas-em-pesquisa-na-educacao","status":"publish","type":"page","link":"https:\/\/panoramacritico.com\/revista\/livros\/experimentacoes-etico-esteticas-em-pesquisa-na-educacao\/","title":{"rendered":"Experimenta\u00e7\u00f5es \u00c9tico-Est\u00e9ticas em pesquisa na educa\u00e7\u00e3o"},"content":{"rendered":"\n<div class=\"wp-block-media-text alignwide is-stacked-on-mobile is-vertically-aligned-top\" style=\"grid-template-columns:33% auto\"><figure class=\"wp-block-media-text__media\"><img loading=\"lazy\" decoding=\"async\" width=\"721\" height=\"1024\" src=\"https:\/\/panoramacritico.com\/revista\/wp-content\/uploads\/2021\/11\/Experimentacoes-Etico-Esteticas-721x1024.png\" alt=\"\" class=\"wp-image-221 size-full\" srcset=\"https:\/\/panoramacritico.com\/revista\/wp-content\/uploads\/2021\/11\/Experimentacoes-Etico-Esteticas-721x1024.png 721w, https:\/\/panoramacritico.com\/revista\/wp-content\/uploads\/2021\/11\/Experimentacoes-Etico-Esteticas-211x300.png 211w, https:\/\/panoramacritico.com\/revista\/wp-content\/uploads\/2021\/11\/Experimentacoes-Etico-Esteticas-768x1091.png 768w, https:\/\/panoramacritico.com\/revista\/wp-content\/uploads\/2021\/11\/Experimentacoes-Etico-Esteticas-1081x1536.png 1081w, https:\/\/panoramacritico.com\/revista\/wp-content\/uploads\/2021\/11\/Experimentacoes-Etico-Esteticas-1442x2048.png 1442w, https:\/\/panoramacritico.com\/revista\/wp-content\/uploads\/2021\/11\/Experimentacoes-Etico-Esteticas-1024x1454.png 1024w, https:\/\/panoramacritico.com\/revista\/wp-content\/uploads\/2021\/11\/Experimentacoes-Etico-Esteticas-760x1080.png 760w, https:\/\/panoramacritico.com\/revista\/wp-content\/uploads\/2021\/11\/Experimentacoes-Etico-Esteticas.png 1746w\" sizes=\"auto, (max-width: 721px) 100vw, 721px\" \/><\/figure><div class=\"wp-block-media-text__content\">\n<p><em>Org.: Margarete Axt, Fernanda S. Amador, Joelma A.A. Remi\u00e3o<\/em><\/p>\n\n\n\n<p>Essa colet\u00e2nea re\u00fane textos urdidos por pesquisadores, em seus diferentes trajetos e campos de investiga\u00e7\u00e3o, dando visibilidade a um modo de pesquisar-formar gestado no\/com o Lelic, que se realiza numa dimens\u00e3o \u00e9tica e pol\u00edtica de respeito ao outro, sustentada no exerc\u00edcio de escuta e acolhimento das vozes que tecem um coletivo em interlocu\u00e7\u00e3o. \u00c9 um modo de operar que se faz in(ter)ven\u00e7\u00e3o: ato \u00fanico e irrepet\u00edvel produzido pelo sujeito em conson\u00e2ncia com o contexto pragm\u00e1tico no qual est\u00e1 imerso. Intervir \u00e9, portanto, inventar um modo de implicar-se, participar, dialogar, escutar, agir num determinado espa\u00e7o-tempo, deslizando para um movimento \u00e9tico-est\u00e9tico do pensamento que agencia pesquisadores e seu <em>locus <\/em>de pesquisa em um plano de experimenta\u00e7\u00e3o e produ\u00e7\u00e3o de conhecimento prenhe de sentidos. Um pesquisar-formar que se expressa numa micropol\u00edtica sens\u00edvel \u00e0s produ\u00e7\u00f5es de subjetividade.<\/p>\n\n\n\n<p>Dispon\u00edvel para download gratuito:<br><a href=\"https:\/\/www.dropbox.com\/scl\/fi\/kqqhum6ucuux2wysvkyjt\/Experimentacoes-etico-esteticas-em-pesquisa-na-educa-o.epub?rlkey=1a4vdtukeb2c30s1f6osyptfd&amp;dl=1\" data-type=\"URL\" data-id=\"https:\/\/www.dropbox.com\/s\/ylf86k2wjpxa3ek\/Experimentacoes_etico-esteticas_em_pesquisa_na_educa%C3%83%C2%A7%C3%83%C2%A3o.epub?dl=1\" target=\"_blank\" rel=\"noreferrer noopener\">epub<\/a><br><a href=\"https:\/\/www.dropbox.com\/scl\/fi\/7r3w1y7a0xlt9waedg6wj\/Experimentacoes-etico-esteticas-em-pesquisa-na-educa-o.mobi?rlkey=l78ujd8elb78u0dpn3o6jr33o&amp;dl=1\" data-type=\"URL\" data-id=\"https:\/\/www.dropbox.com\/s\/8bnsuih0jv3qlyy\/Experimentacoes_etico-esteticas_em_pesquisa_na_educa%C3%83%C2%A7%C3%83%C2%A3o.mobi?dl=1\" target=\"_blank\" rel=\"noreferrer noopener\">mobi<\/a><br><a href=\"https:\/\/www.dropbox.com\/scl\/fi\/67kizjjwy7r6nfiz5rupj\/Experimenta-es_-tico-est-ticas_em_pesquisa_na_educa-o_Web.pdf?rlkey=qisnq0qx8k36td6l9229drxwy&amp;dl=1\" data-type=\"URL\" data-id=\"https:\/\/www.dropbox.com\/s\/3qiti3q3uxsosfi\/Experimenta%C3%A7%C3%B5es_%C3%A9tico-est%C3%A9ticas_em_pesquisa_na_educa%C3%A7%C3%A3o_Web.pdf?dl=1\" target=\"_blank\" rel=\"noreferrer noopener\">pdf<\/a>  <\/p>\n<\/div><\/div>\n\n\n\n<p class=\"has-small-font-size\">ISBN: 9788563870148<br>Idioma: portugu\u00eas<br>Edi\u00e7\u00e3o: 1\u00aa <br>Ano: 2016<br>P\u00e1ginas: 300<\/p>\n","protected":false},"excerpt":{"rendered":"<p>Org.: Margarete Axt, Fernanda S. Amador, Joelma A.A. Remi\u00e3o Essa colet\u00e2nea re\u00fane textos urdidos por pesquisadores, em seus diferentes trajetos e campos de investiga\u00e7\u00e3o, dando visibilidade a um modo de pesquisar-formar gestado no\/com o Lelic, que se realiza numa dimens\u00e3o \u00e9tica e pol\u00edtica de respeito ao outro, sustentada no exerc\u00edcio de escuta e acolhimento das [&hellip;]<\/p>\n","protected":false},"author":3,"featured_media":0,"parent":95,"menu_order":0,"comment_status":"closed","ping_status":"closed","template":"","meta":{"footnotes":""},"class_list":["post-263","page","type-page","status-publish","hentry","post"],"_links":{"self":[{"href":"https:\/\/panoramacritico.com\/revista\/wp-json\/wp\/v2\/pages\/263","targetHints":{"allow":["GET"]}}],"collection":[{"href":"https:\/\/panoramacritico.com\/revista\/wp-json\/wp\/v2\/pages"}],"about":[{"href":"https:\/\/panoramacritico.com\/revista\/wp-json\/wp\/v2\/types\/page"}],"author":[{"embeddable":true,"href":"https:\/\/panoramacritico.com\/revista\/wp-json\/wp\/v2\/users\/3"}],"replies":[{"embeddable":true,"href":"https:\/\/panoramacritico.com\/revista\/wp-json\/wp\/v2\/comments?post=263"}],"version-history":[{"count":11,"href":"https:\/\/panoramacritico.com\/revista\/wp-json\/wp\/v2\/pages\/263\/revisions"}],"predecessor-version":[{"id":3495,"href":"https:\/\/panoramacritico.com\/revista\/wp-json\/wp\/v2\/pages\/263\/revisions\/3495"}],"up":[{"embeddable":true,"href":"https:\/\/panoramacritico.com\/revista\/wp-json\/wp\/v2\/pages\/95"}],"wp:attachment":[{"href":"https:\/\/panoramacritico.com\/revista\/wp-json\/wp\/v2\/media?parent=263"}],"curies":[{"name":"wp","href":"https:\/\/api.w.org\/{rel}","templated":true}]}}