{"id":279,"date":"2021-11-04T21:08:54","date_gmt":"2021-11-04T21:08:54","guid":{"rendered":"http:\/\/br1056.teste.website\/~panor514\/revista.panoramacritico.com\/?page_id=279"},"modified":"2025-05-11T21:22:47","modified_gmt":"2025-05-11T21:22:47","slug":"edicao-00","status":"publish","type":"page","link":"https:\/\/panoramacritico.com\/revista\/edicoes-anteriores\/edicao-00\/","title":{"rendered":"Edi\u00e7\u00e3o #00"},"content":{"rendered":"\n<hr class=\"wp-block-separator has-text-color has-cyan-bluish-gray-color has-css-opacity has-cyan-bluish-gray-background-color has-background is-style-wide\"\/>\n\n\n\n<p>Outubro de 2008<\/p>\n\n\n\n<div class=\"wp-block-media-text alignwide is-stacked-on-mobile\" style=\"grid-template-columns:30% auto\"><figure class=\"wp-block-media-text__media\"><img loading=\"lazy\" decoding=\"async\" width=\"640\" height=\"1024\" src=\"https:\/\/panoramacritico.com\/revista\/wp-content\/uploads\/2021\/11\/Capa00-640x1024.jpg\" alt=\"\" class=\"wp-image-268 size-full\" srcset=\"https:\/\/panoramacritico.com\/revista\/wp-content\/uploads\/2021\/11\/Capa00-640x1024.jpg 640w, https:\/\/panoramacritico.com\/revista\/wp-content\/uploads\/2021\/11\/Capa00-188x300.jpg 188w, https:\/\/panoramacritico.com\/revista\/wp-content\/uploads\/2021\/11\/Capa00-768x1229.jpg 768w, https:\/\/panoramacritico.com\/revista\/wp-content\/uploads\/2021\/11\/Capa00-960x1536.jpg 960w, https:\/\/panoramacritico.com\/revista\/wp-content\/uploads\/2021\/11\/Capa00-1280x2048.jpg 1280w, https:\/\/panoramacritico.com\/revista\/wp-content\/uploads\/2021\/11\/Capa00-1024x1638.jpg 1024w, https:\/\/panoramacritico.com\/revista\/wp-content\/uploads\/2021\/11\/Capa00-675x1080.jpg 675w, https:\/\/panoramacritico.com\/revista\/wp-content\/uploads\/2021\/11\/Capa00-scaled.jpg 1600w\" sizes=\"auto, (max-width: 640px) 100vw, 640px\" \/><\/figure><div class=\"wp-block-media-text__content\">\n<p><strong>Panorama:<br><\/strong>Brev\u00edssimos apontamentos sobre cr\u00edtica de arte, m\u00eddia e cultura contempor\u00e2nea &#8211; <em>Paula Ramos<\/em><\/p>\n\n\n\n<p><strong>Artigos:<br><\/strong>O imagin\u00e1rio do arroio Dil\u00favio nas imagens de imprensa e nas representa\u00e7\u00f5es da arte &#8211; <em>Maria Ivone dos Santos<\/em><\/p>\n\n\n\n<p><strong>Ensaios:<br><\/strong>Figura &#8211; <em>Andr\u00e9 Pares<\/em><\/p>\n\n\n\n<p>Dispon\u00edvel em:<br><a href=\"https:\/\/www.dropbox.com\/s\/40fqmgwtr6xtbht\/PanoramaCr%C3%ADtico%2300_pdf.pdf?dl=1\" data-type=\"URL\" target=\"_blank\" rel=\"noreferrer noopener\">pdf<\/a>, <a href=\"https:\/\/www.dropbox.com\/scl\/fi\/3ulcwl4ert8l5ny6pnrq9\/Revista-PanoramaCritico-00-Panorama-Critico.epub?rlkey=01kg1mapdhdxsq76jazkun7ko&amp;st=io9k850j&amp;dl=1\" data-type=\"URL\" data-id=\"https:\/\/www.dropbox.com\/s\/a9vhpl9mhq1zblg\/Revista%20PanoramaCritico%2000%20-%20Panorama%20Critico.epub?dl=1\" target=\"_blank\" rel=\"noreferrer noopener\">epub<\/a>, <a href=\"https:\/\/www.dropbox.com\/scl\/fi\/weu8mkek530w961s0x3we\/Revista-PanoramaCritico-00-Panorama-Critico.mobi?rlkey=3tywf0dg0uunii03hiyakdjjy&amp;st=tqdhdlb3&amp;dl=1\" data-type=\"URL\" data-id=\"https:\/\/www.dropbox.com\/s\/gh4w0ktqfybl0p0\/Revista%20PanoramaCritico%2000%20-%20Panorama%20Critico.mobi?dl=1\">mobi<\/a><\/p>\n<\/div><\/div>\n\n\n\n<hr class=\"wp-block-separator has-css-opacity\"\/>\n\n\n\n<div class=\"wp-block-columns is-layout-flex wp-container-core-columns-is-layout-9d6595d7 wp-block-columns-is-layout-flex\">\n<div class=\"wp-block-column is-layout-flow wp-block-column-is-layout-flow\">\n<\/div>\n\n\n\n<div class=\"wp-block-column is-layout-flow wp-block-column-is-layout-flow\"><span class=\"sb_cl_next_page sb_cl\"><a href=\"https:\/\/panoramacritico.com\/revista\/edicoes-anteriores\/edicao-01\/\">Edi\u00e7\u00e3o #01<\/a> &#0187;<\/span>\n<\/div>\n<\/div>\n\n\n\n<div class=\"wp-block-buttons alignfull is-content-justification-center is-layout-flex wp-block-buttons-is-layout-flex\">\n<div class=\"wp-block-button is-style-outline is-style-outline--1\"><a class=\"wp-block-button__link\" href=\"https:\/\/panoramacritico.com\/revista\/edicoes-anteriores\/\">          Toda as edi\u00e7\u00f5es anteriores            <\/a><\/div>\n<\/div>\n\n\n\n<p><\/p>\n","protected":false},"excerpt":{"rendered":"<p>Outubro de 2008 Panorama:Brev\u00edssimos apontamentos sobre cr\u00edtica de arte, m\u00eddia e cultura contempor\u00e2nea &#8211; Paula Ramos Artigos:O imagin\u00e1rio do arroio Dil\u00favio nas imagens de imprensa e nas representa\u00e7\u00f5es da arte &#8211; Maria Ivone dos Santos Ensaios:Figura &#8211; Andr\u00e9 Pares Dispon\u00edvel em:pdf, epub, mobi<\/p>\n","protected":false},"author":3,"featured_media":0,"parent":359,"menu_order":0,"comment_status":"closed","ping_status":"closed","template":"","meta":{"footnotes":""},"class_list":["post-279","page","type-page","status-publish","hentry","post"],"_links":{"self":[{"href":"https:\/\/panoramacritico.com\/revista\/wp-json\/wp\/v2\/pages\/279","targetHints":{"allow":["GET"]}}],"collection":[{"href":"https:\/\/panoramacritico.com\/revista\/wp-json\/wp\/v2\/pages"}],"about":[{"href":"https:\/\/panoramacritico.com\/revista\/wp-json\/wp\/v2\/types\/page"}],"author":[{"embeddable":true,"href":"https:\/\/panoramacritico.com\/revista\/wp-json\/wp\/v2\/users\/3"}],"replies":[{"embeddable":true,"href":"https:\/\/panoramacritico.com\/revista\/wp-json\/wp\/v2\/comments?post=279"}],"version-history":[{"count":31,"href":"https:\/\/panoramacritico.com\/revista\/wp-json\/wp\/v2\/pages\/279\/revisions"}],"predecessor-version":[{"id":4501,"href":"https:\/\/panoramacritico.com\/revista\/wp-json\/wp\/v2\/pages\/279\/revisions\/4501"}],"up":[{"embeddable":true,"href":"https:\/\/panoramacritico.com\/revista\/wp-json\/wp\/v2\/pages\/359"}],"wp:attachment":[{"href":"https:\/\/panoramacritico.com\/revista\/wp-json\/wp\/v2\/media?parent=279"}],"curies":[{"name":"wp","href":"https:\/\/api.w.org\/{rel}","templated":true}]}}