{"id":284,"date":"2021-11-04T21:18:34","date_gmt":"2021-11-04T21:18:34","guid":{"rendered":"http:\/\/br1056.teste.website\/~panor514\/revista.panoramacritico.com\/?page_id=284"},"modified":"2025-05-11T21:23:59","modified_gmt":"2025-05-11T21:23:59","slug":"edicao-01","status":"publish","type":"page","link":"https:\/\/panoramacritico.com\/revista\/edicoes-anteriores\/edicao-01\/","title":{"rendered":"Edi\u00e7\u00e3o #01"},"content":{"rendered":"\n<hr class=\"wp-block-separator has-text-color has-cyan-bluish-gray-color has-css-opacity has-cyan-bluish-gray-background-color has-background is-style-wide\"\/>\n\n\n\n<p>Junho de 2009<\/p>\n\n\n\n<div class=\"wp-block-media-text alignwide is-stacked-on-mobile\" style=\"grid-template-columns:30% auto\"><figure class=\"wp-block-media-text__media\"><img loading=\"lazy\" decoding=\"async\" width=\"640\" height=\"1024\" src=\"https:\/\/panoramacritico.com\/revista\/wp-content\/uploads\/2021\/11\/Capa01-640x1024.jpg\" alt=\"\" class=\"wp-image-269 size-full\" srcset=\"https:\/\/panoramacritico.com\/revista\/wp-content\/uploads\/2021\/11\/Capa01-640x1024.jpg 640w, https:\/\/panoramacritico.com\/revista\/wp-content\/uploads\/2021\/11\/Capa01-188x300.jpg 188w, https:\/\/panoramacritico.com\/revista\/wp-content\/uploads\/2021\/11\/Capa01-768x1229.jpg 768w, https:\/\/panoramacritico.com\/revista\/wp-content\/uploads\/2021\/11\/Capa01-960x1536.jpg 960w, https:\/\/panoramacritico.com\/revista\/wp-content\/uploads\/2021\/11\/Capa01-1280x2048.jpg 1280w, https:\/\/panoramacritico.com\/revista\/wp-content\/uploads\/2021\/11\/Capa01-1024x1638.jpg 1024w, https:\/\/panoramacritico.com\/revista\/wp-content\/uploads\/2021\/11\/Capa01-675x1080.jpg 675w, https:\/\/panoramacritico.com\/revista\/wp-content\/uploads\/2021\/11\/Capa01-scaled.jpg 1600w\" sizes=\"auto, (max-width: 640px) 100vw, 640px\" \/><\/figure><div class=\"wp-block-media-text__content\">\n<p><strong>Panorama:<\/strong><br>Qual o lugar da cr\u00edtica hoje? \u2013 <em>Alexandre Nicolodi e Denis Nicola<\/em><\/p>\n\n\n\n<p><strong>Artigos:<br><\/strong>Deslocamentos e suas vibra\u00e7\u00f5es &#8211; <em>V\u00e2nia Elisabeth Selzlein Sommermeyer<\/em><br>Quantos Sonhos Cabem Numa Capelinha de Mel\u00e3o? Reflex\u00f5es sobre um fazer art\u00edstico &#8211; <em>Bianca Knaak<\/em><\/p>\n\n\n\n<p><strong>Ensaios:<br><\/strong>Porto Alegre &#8211; Quinta-feira, 26 de junho de 2008 16:40 &#8211; 17:25, 15\u00b0C, chuva.<\/p>\n\n\n\n<p><strong>Entrevista:<br><\/strong>Walmor Correa: A verdade criada do mito<\/p>\n\n\n\n<p>Dispon\u00edvel em:<br><a href=\"https:\/\/www.dropbox.com\/scl\/fi\/gb94kbbwf08dwf8vwiy3e\/PanoramaCr-tico-01_pdf.pdf?rlkey=oh9a8v1rapnwop3yzpv89qorq&amp;dl=1\" data-type=\"URL\" data-id=\"https:\/\/www.dropbox.com\/s\/463aazac78w68rb\/PanoramaCr%C3%ADtico%2301_pdf.pdf?dl=1\" target=\"_blank\" rel=\"noreferrer noopener\">pdf<\/a>, <a href=\"https:\/\/www.dropbox.com\/scl\/fi\/oqy9eg3bs3ly5v1r9wq8d\/Revista-Panorama-Critico-01-Panorama-Critico.epub?rlkey=7ui9lx7axekbswsvj7by3qa11&amp;st=n33m20ot&amp;dl=1\" data-type=\"URL\" data-id=\"https:\/\/www.dropbox.com\/s\/3fimudmba73py07\/Revista%20Panorama%20Critico%2001%20-%20Panorama%20Critico.epub?dl=1\" target=\"_blank\" rel=\"noreferrer noopener\">epub<\/a>, <a href=\"https:\/\/www.dropbox.com\/scl\/fi\/onwjrzgbnrrzia42arbdd\/Revista-Panorama-Critico-01-Panorama-Critico.mobi?rlkey=6gqjgkx78qskkxbsj676gwf69&amp;st=dq1jxbk5&amp;dl=1\" data-type=\"URL\" data-id=\"https:\/\/www.dropbox.com\/s\/t67qfoeoau6m5w6\/Revista%20Panorama%20Critico%2001%20-%20Panorama%20Critico.mobi?dl=1\" target=\"_blank\" rel=\"noreferrer noopener\">mobi<\/a><\/p>\n<\/div><\/div>\n\n\n\n<hr class=\"wp-block-separator has-css-opacity\"\/>\n\n\n\n<div class=\"wp-block-columns is-layout-flex wp-container-core-columns-is-layout-9d6595d7 wp-block-columns-is-layout-flex\">\n<div class=\"wp-block-column is-layout-flow wp-block-column-is-layout-flow\"><span class=\"sb_cl_prev_page sb_cl\">&#0171; <a href=\"https:\/\/panoramacritico.com\/revista\/edicoes-anteriores\/edicao-00\/\">Edi\u00e7\u00e3o #00<\/a><\/span>\n<\/div>\n\n\n\n<div class=\"wp-block-column is-layout-flow wp-block-column-is-layout-flow\"><span class=\"sb_cl_next_page sb_cl\"><a href=\"https:\/\/panoramacritico.com\/revista\/edicoes-anteriores\/edicao-02\/\">Edi\u00e7\u00e3o #02<\/a> &#0187;<\/span>\n<\/div>\n<\/div>\n\n\n\n<div class=\"wp-block-buttons alignfull is-content-justification-center is-layout-flex wp-block-buttons-is-layout-flex\">\n<div class=\"wp-block-button is-style-outline is-style-outline--1\"><a class=\"wp-block-button__link\" href=\"https:\/\/panoramacritico.com\/revista\/edicoes-anteriores\/\">          Toda as edi\u00e7\u00f5es anteriores            <\/a><\/div>\n<\/div>\n","protected":false},"excerpt":{"rendered":"<p>Junho de 2009 Panorama:Qual o lugar da cr\u00edtica hoje? \u2013 Alexandre Nicolodi e Denis Nicola Artigos:Deslocamentos e suas vibra\u00e7\u00f5es &#8211; V\u00e2nia Elisabeth Selzlein SommermeyerQuantos Sonhos Cabem Numa Capelinha de Mel\u00e3o? Reflex\u00f5es sobre um fazer art\u00edstico &#8211; Bianca Knaak Ensaios:Porto Alegre &#8211; Quinta-feira, 26 de junho de 2008 16:40 &#8211; 17:25, 15\u00b0C, chuva. Entrevista:Walmor Correa: A [&hellip;]<\/p>\n","protected":false},"author":3,"featured_media":0,"parent":359,"menu_order":1,"comment_status":"closed","ping_status":"closed","template":"","meta":{"footnotes":""},"class_list":["post-284","page","type-page","status-publish","hentry","post"],"_links":{"self":[{"href":"https:\/\/panoramacritico.com\/revista\/wp-json\/wp\/v2\/pages\/284","targetHints":{"allow":["GET"]}}],"collection":[{"href":"https:\/\/panoramacritico.com\/revista\/wp-json\/wp\/v2\/pages"}],"about":[{"href":"https:\/\/panoramacritico.com\/revista\/wp-json\/wp\/v2\/types\/page"}],"author":[{"embeddable":true,"href":"https:\/\/panoramacritico.com\/revista\/wp-json\/wp\/v2\/users\/3"}],"replies":[{"embeddable":true,"href":"https:\/\/panoramacritico.com\/revista\/wp-json\/wp\/v2\/comments?post=284"}],"version-history":[{"count":17,"href":"https:\/\/panoramacritico.com\/revista\/wp-json\/wp\/v2\/pages\/284\/revisions"}],"predecessor-version":[{"id":4502,"href":"https:\/\/panoramacritico.com\/revista\/wp-json\/wp\/v2\/pages\/284\/revisions\/4502"}],"up":[{"embeddable":true,"href":"https:\/\/panoramacritico.com\/revista\/wp-json\/wp\/v2\/pages\/359"}],"wp:attachment":[{"href":"https:\/\/panoramacritico.com\/revista\/wp-json\/wp\/v2\/media?parent=284"}],"curies":[{"name":"wp","href":"https:\/\/api.w.org\/{rel}","templated":true}]}}