{"id":303,"date":"2021-11-04T21:43:05","date_gmt":"2021-11-04T21:43:05","guid":{"rendered":"http:\/\/br1056.teste.website\/~panor514\/revista.panoramacritico.com\/?page_id=303"},"modified":"2025-05-11T21:26:43","modified_gmt":"2025-05-11T21:26:43","slug":"edicao-04","status":"publish","type":"page","link":"https:\/\/panoramacritico.com\/revista\/edicoes-anteriores\/edicao-04\/","title":{"rendered":"Edi\u00e7\u00e3o #04"},"content":{"rendered":"\n<hr class=\"wp-block-separator has-text-color has-cyan-bluish-gray-color has-css-opacity has-cyan-bluish-gray-background-color has-background is-style-wide\"\/>\n\n\n\n<p>   Fevereiro de 2010   <\/p>\n\n\n\n<div class=\"wp-block-media-text alignwide is-stacked-on-mobile\" style=\"grid-template-columns:30% auto\"><figure class=\"wp-block-media-text__media\"><img loading=\"lazy\" decoding=\"async\" width=\"640\" height=\"1024\" src=\"https:\/\/panoramacritico.com\/revista\/wp-content\/uploads\/2021\/11\/Capa04-640x1024.jpg\" alt=\"\" class=\"wp-image-272 size-full\" srcset=\"https:\/\/panoramacritico.com\/revista\/wp-content\/uploads\/2021\/11\/Capa04-640x1024.jpg 640w, https:\/\/panoramacritico.com\/revista\/wp-content\/uploads\/2021\/11\/Capa04-188x300.jpg 188w, https:\/\/panoramacritico.com\/revista\/wp-content\/uploads\/2021\/11\/Capa04-768x1229.jpg 768w, https:\/\/panoramacritico.com\/revista\/wp-content\/uploads\/2021\/11\/Capa04-960x1536.jpg 960w, https:\/\/panoramacritico.com\/revista\/wp-content\/uploads\/2021\/11\/Capa04-1280x2048.jpg 1280w, https:\/\/panoramacritico.com\/revista\/wp-content\/uploads\/2021\/11\/Capa04-1024x1638.jpg 1024w, https:\/\/panoramacritico.com\/revista\/wp-content\/uploads\/2021\/11\/Capa04-675x1080.jpg 675w, https:\/\/panoramacritico.com\/revista\/wp-content\/uploads\/2021\/11\/Capa04-scaled.jpg 1600w\" sizes=\"auto, (max-width: 640px) 100vw, 640px\" \/><\/figure><div class=\"wp-block-media-text__content\">\n<p><strong>Panorama:<br><\/strong>Depois da s\u00e9tima: Resenha cr\u00edtica sobre a s\u00e9tima bienal do Mercosul &#8211; <em>Neiva Bohns<\/em><\/p>\n\n\n\n<p><strong>Artigos:<br><\/strong>Entre inten\u00e7\u00f5es, matura\u00e7\u00f5es e recorda\u00e7\u00f5es: as Bienais de Artes Visuais do Mercosul e a cidade de Porto Alegre &#8211; <em>Bianca Knaak<\/em><\/p>\n\n\n\n<p><strong>Ensaios:<br><\/strong>O futuro presente no passado &#8211; <em>Gilberto Menegaz<\/em><br>Obra Indiz\u00edvel &#8211; <em>Lucas Lima Fontana<\/em><\/p>\n\n\n\n<p><strong>Entrevistas:<br><\/strong>Cildo Meireles <br>Hoffman\u2019s House (Chile) <br>Nicolas Floch (Fran\u00e7a) <br>Paul Matosic (Inglaterra) <br>Fernando Pi\u00e3o <\/p>\n\n\n\n<p>Dispon\u00edvel em:<br><a href=\"https:\/\/www.dropbox.com\/scl\/fi\/r9zhaw2dcy9rl28kom363\/PanoramaCr-tico-04_pdf.pdf?rlkey=itlz142ne75qatdfklhzlko94&amp;dl=1\" data-type=\"URL\" data-id=\"https:\/\/www.dropbox.com\/s\/x0hryncf5hc9u3u\/PanoramaCr%C3%ADtico%2304_pdf.pdf?dl=1\">pdf<\/a>, <a href=\"https:\/\/www.dropbox.com\/scl\/fi\/mw4icsl9ncpncqtndzxh4\/Revista-PanoramaCritico-04-Panorama-Critico.epub?rlkey=lvr4hocowqcov5a9e40qlkiwp&amp;st=7016d4hs&amp;dl=1\" data-type=\"URL\" data-id=\"https:\/\/www.dropbox.com\/s\/1ewg8f5oqeo26nn\/Revista%20PanoramaCritico%2004%20-%20Panorama%20Critico.epub?dl=1\">epub<\/a>, <a href=\"https:\/\/www.dropbox.com\/scl\/fi\/263wmfbrjehcwtrg1w2g6\/Revista-PanoramaCritico-04-Panorama-Critico.mobi?rlkey=yskwehlnjykvktt3um51ilgti&amp;st=rhu0mdtr&amp;dl=1\" data-type=\"URL\" data-id=\"https:\/\/www.dropbox.com\/s\/iaq55xmrk21u7er\/Revista%20PanoramaCritico%2004%20-%20Panorama%20Critico.mobi?dl=1\">mobi<\/a><\/p>\n<\/div><\/div>\n\n\n\n<div class=\"wp-block-columns is-layout-flex wp-container-core-columns-is-layout-9d6595d7 wp-block-columns-is-layout-flex\">\n<div class=\"wp-block-column is-layout-flow wp-block-column-is-layout-flow\"><span class=\"sb_cl_prev_page sb_cl\">&#0171; <a href=\"https:\/\/panoramacritico.com\/revista\/edicoes-anteriores\/edicao-03\/\">Edi\u00e7\u00e3o #03<\/a><\/span>\n<\/div>\n\n\n\n<div class=\"wp-block-column is-layout-flow wp-block-column-is-layout-flow\"><span class=\"sb_cl_next_page sb_cl\"><a href=\"https:\/\/panoramacritico.com\/revista\/edicoes-anteriores\/edicao-05\/\">Edi\u00e7\u00e3o #05<\/a> &#0187;<\/span>\n<\/div>\n<\/div>\n\n\n\n<div class=\"wp-block-buttons alignfull is-content-justification-center is-layout-flex wp-block-buttons-is-layout-flex\">\n<div class=\"wp-block-button is-style-outline is-style-outline--1\"><a class=\"wp-block-button__link\" href=\"https:\/\/panoramacritico.com\/revista\/edicoes-anteriores\/\">          Toda as edi\u00e7\u00f5es anteriores            <\/a><\/div>\n<\/div>\n","protected":false},"excerpt":{"rendered":"<p>Fevereiro de 2010 Panorama:Depois da s\u00e9tima: Resenha cr\u00edtica sobre a s\u00e9tima bienal do Mercosul &#8211; Neiva Bohns Artigos:Entre inten\u00e7\u00f5es, matura\u00e7\u00f5es e recorda\u00e7\u00f5es: as Bienais de Artes Visuais do Mercosul e a cidade de Porto Alegre &#8211; Bianca Knaak Ensaios:O futuro presente no passado &#8211; Gilberto MenegazObra Indiz\u00edvel &#8211; Lucas Lima Fontana Entrevistas:Cildo Meireles Hoffman\u2019s House [&hellip;]<\/p>\n","protected":false},"author":3,"featured_media":0,"parent":359,"menu_order":4,"comment_status":"closed","ping_status":"closed","template":"","meta":{"footnotes":""},"class_list":["post-303","page","type-page","status-publish","hentry","post"],"_links":{"self":[{"href":"https:\/\/panoramacritico.com\/revista\/wp-json\/wp\/v2\/pages\/303","targetHints":{"allow":["GET"]}}],"collection":[{"href":"https:\/\/panoramacritico.com\/revista\/wp-json\/wp\/v2\/pages"}],"about":[{"href":"https:\/\/panoramacritico.com\/revista\/wp-json\/wp\/v2\/types\/page"}],"author":[{"embeddable":true,"href":"https:\/\/panoramacritico.com\/revista\/wp-json\/wp\/v2\/users\/3"}],"replies":[{"embeddable":true,"href":"https:\/\/panoramacritico.com\/revista\/wp-json\/wp\/v2\/comments?post=303"}],"version-history":[{"count":9,"href":"https:\/\/panoramacritico.com\/revista\/wp-json\/wp\/v2\/pages\/303\/revisions"}],"predecessor-version":[{"id":4506,"href":"https:\/\/panoramacritico.com\/revista\/wp-json\/wp\/v2\/pages\/303\/revisions\/4506"}],"up":[{"embeddable":true,"href":"https:\/\/panoramacritico.com\/revista\/wp-json\/wp\/v2\/pages\/359"}],"wp:attachment":[{"href":"https:\/\/panoramacritico.com\/revista\/wp-json\/wp\/v2\/media?parent=303"}],"curies":[{"name":"wp","href":"https:\/\/api.w.org\/{rel}","templated":true}]}}