{"id":306,"date":"2021-11-04T21:44:42","date_gmt":"2021-11-04T21:44:42","guid":{"rendered":"http:\/\/br1056.teste.website\/~panor514\/revista.panoramacritico.com\/?page_id=306"},"modified":"2025-05-11T21:27:19","modified_gmt":"2025-05-11T21:27:19","slug":"edicao-05","status":"publish","type":"page","link":"https:\/\/panoramacritico.com\/revista\/edicoes-anteriores\/edicao-05\/","title":{"rendered":"Edi\u00e7\u00e3o #05"},"content":{"rendered":"\n<hr class=\"wp-block-separator has-text-color has-cyan-bluish-gray-color has-css-opacity has-cyan-bluish-gray-background-color has-background is-style-wide\"\/>\n\n\n\n<p>    Abril de 2010    <\/p>\n\n\n\n<div class=\"wp-block-media-text alignwide is-stacked-on-mobile\" style=\"grid-template-columns:30% auto\"><figure class=\"wp-block-media-text__media\"><img loading=\"lazy\" decoding=\"async\" width=\"640\" height=\"1024\" src=\"https:\/\/panoramacritico.com\/revista\/wp-content\/uploads\/2021\/11\/Capa05-640x1024.jpg\" alt=\"\" class=\"wp-image-273 size-full\" srcset=\"https:\/\/panoramacritico.com\/revista\/wp-content\/uploads\/2021\/11\/Capa05-640x1024.jpg 640w, https:\/\/panoramacritico.com\/revista\/wp-content\/uploads\/2021\/11\/Capa05-188x300.jpg 188w, https:\/\/panoramacritico.com\/revista\/wp-content\/uploads\/2021\/11\/Capa05-768x1229.jpg 768w, https:\/\/panoramacritico.com\/revista\/wp-content\/uploads\/2021\/11\/Capa05-960x1536.jpg 960w, https:\/\/panoramacritico.com\/revista\/wp-content\/uploads\/2021\/11\/Capa05-1280x2048.jpg 1280w, https:\/\/panoramacritico.com\/revista\/wp-content\/uploads\/2021\/11\/Capa05-1024x1638.jpg 1024w, https:\/\/panoramacritico.com\/revista\/wp-content\/uploads\/2021\/11\/Capa05-675x1080.jpg 675w, https:\/\/panoramacritico.com\/revista\/wp-content\/uploads\/2021\/11\/Capa05-scaled.jpg 1600w\" sizes=\"auto, (max-width: 640px) 100vw, 640px\" \/><\/figure><div class=\"wp-block-media-text__content\">\n<p><strong>Panorama:<br><\/strong>Internacionaliza\u00e7\u00e3o dos 60 e dos 90: A Bienal Americana de C\u00f3rdoba como contraponto \u00e0 Bienal do Mercosul de Porto Alegre &#8211; <em>Rodrigo Montero<\/em><\/p>\n\n\n\n<p><strong>Artigos:<br><\/strong>Obra-monstro &#8211; <em>Emily Daltro <\/em><br>Invas\u00e3o e Reconcilia\u00e7\u00e3o: Investimento desavisado sobre um espa\u00e7o vazio &#8211; <em>Guilherme Mautone<\/em> <br>Danzinger e Macchi e a leveza na complexa tarefa, cotidiana, de existir &#8211; <em>J\u00falio C\u00e9sar Herbstrith<\/em><\/p>\n\n\n\n<p><strong>Ensaios:<br><\/strong>O Moonwalk: overdoses de download e transe virtual &#8211; <em>Alexandre de Nadal <\/em><br>Em Dire\u00e7\u00e3o ao Ch\u00e3o &#8211; <em>Eduardo Xavier <\/em><br>Aos Vivos &#8211; <em>Vitor Butukus<\/em><\/p>\n\n\n\n<p><strong>Entrevistas:<br><\/strong>Paulo Bruscky: Testemunho de sua \u00e9poca<\/p>\n\n\n\n<p>Dispon\u00edvel em:<br><a href=\"https:\/\/www.dropbox.com\/scl\/fi\/sdfoud1r16kycgjxaxx2v\/PanoramaCritico-05_pdf.pdf?rlkey=2cgewvapxdqig6wlduwr6pge2&amp;dl=1\" data-type=\"URL\" data-id=\"https:\/\/www.dropbox.com\/s\/qoujdpbc9ipp3xl\/PanoramaCritico%2305_pdf.pdf?dl=1\">pdf<\/a>, <a href=\"https:\/\/www.dropbox.com\/scl\/fi\/813lbsoxoba197zsmzfju\/Revista-PanoramaCritico-05-Panorama-Critico.epub?rlkey=egknmieoesaiz9p2tbl8wwl0m&amp;st=ktf67yo2&amp;dl=1\" data-type=\"URL\" data-id=\"https:\/\/www.dropbox.com\/s\/3mio48secsux6hg\/Revista%20PanoramaCritico%2005%20-%20Panorama%20Critico.epub?dl=1\">epub<\/a>, <a href=\"https:\/\/www.dropbox.com\/scl\/fi\/y6d6cqq5thwfwq7t4gzvg\/Revista-PanoramaCritico-05-Panorama-Critico.mobi?rlkey=ifwt8os7dvf3etqr4n9xywy5c&amp;st=kvzbw0i5&amp;dl=1\" data-type=\"URL\" data-id=\"https:\/\/www.dropbox.com\/s\/z70ugzuoojmgmuw\/Revista%20PanoramaCritico%2005%20-%20Panorama%20Critico.mobi?dl=1\">mobi<\/a><\/p>\n<\/div><\/div>\n\n\n\n<div class=\"wp-block-columns is-layout-flex wp-container-core-columns-is-layout-9d6595d7 wp-block-columns-is-layout-flex\">\n<div class=\"wp-block-column is-layout-flow wp-block-column-is-layout-flow\"><span class=\"sb_cl_prev_page sb_cl\">&#0171; <a href=\"https:\/\/panoramacritico.com\/revista\/edicoes-anteriores\/edicao-04\/\">Edi\u00e7\u00e3o #04<\/a><\/span>\n<\/div>\n\n\n\n<div class=\"wp-block-column is-layout-flow wp-block-column-is-layout-flow\"><span class=\"sb_cl_next_page sb_cl\"><a href=\"https:\/\/panoramacritico.com\/revista\/edicoes-anteriores\/edicao-06\/\">Edi\u00e7\u00e3o #06<\/a> &#0187;<\/span>\n<\/div>\n<\/div>\n\n\n\n<div class=\"wp-block-buttons alignfull is-content-justification-center is-layout-flex wp-block-buttons-is-layout-flex\">\n<div class=\"wp-block-button is-style-outline is-style-outline--1\"><a class=\"wp-block-button__link\" href=\"https:\/\/panoramacritico.com\/revista\/edicoes-anteriores\/\">          Toda as edi\u00e7\u00f5es anteriores            <\/a><\/div>\n<\/div>\n","protected":false},"excerpt":{"rendered":"<p>Abril de 2010 Panorama:Internacionaliza\u00e7\u00e3o dos 60 e dos 90: A Bienal Americana de C\u00f3rdoba como contraponto \u00e0 Bienal do Mercosul de Porto Alegre &#8211; Rodrigo Montero Artigos:Obra-monstro &#8211; Emily Daltro Invas\u00e3o e Reconcilia\u00e7\u00e3o: Investimento desavisado sobre um espa\u00e7o vazio &#8211; Guilherme Mautone Danzinger e Macchi e a leveza na complexa tarefa, cotidiana, de existir &#8211; [&hellip;]<\/p>\n","protected":false},"author":3,"featured_media":0,"parent":359,"menu_order":5,"comment_status":"closed","ping_status":"closed","template":"","meta":{"footnotes":""},"class_list":["post-306","page","type-page","status-publish","hentry","post"],"_links":{"self":[{"href":"https:\/\/panoramacritico.com\/revista\/wp-json\/wp\/v2\/pages\/306","targetHints":{"allow":["GET"]}}],"collection":[{"href":"https:\/\/panoramacritico.com\/revista\/wp-json\/wp\/v2\/pages"}],"about":[{"href":"https:\/\/panoramacritico.com\/revista\/wp-json\/wp\/v2\/types\/page"}],"author":[{"embeddable":true,"href":"https:\/\/panoramacritico.com\/revista\/wp-json\/wp\/v2\/users\/3"}],"replies":[{"embeddable":true,"href":"https:\/\/panoramacritico.com\/revista\/wp-json\/wp\/v2\/comments?post=306"}],"version-history":[{"count":13,"href":"https:\/\/panoramacritico.com\/revista\/wp-json\/wp\/v2\/pages\/306\/revisions"}],"predecessor-version":[{"id":4508,"href":"https:\/\/panoramacritico.com\/revista\/wp-json\/wp\/v2\/pages\/306\/revisions\/4508"}],"up":[{"embeddable":true,"href":"https:\/\/panoramacritico.com\/revista\/wp-json\/wp\/v2\/pages\/359"}],"wp:attachment":[{"href":"https:\/\/panoramacritico.com\/revista\/wp-json\/wp\/v2\/media?parent=306"}],"curies":[{"name":"wp","href":"https:\/\/api.w.org\/{rel}","templated":true}]}}