{"id":338,"date":"2021-11-04T23:45:14","date_gmt":"2021-11-04T23:45:14","guid":{"rendered":"http:\/\/br1056.teste.website\/~panor514\/revista.panoramacritico.com\/?page_id=338"},"modified":"2025-05-11T21:30:39","modified_gmt":"2025-05-11T21:30:39","slug":"edicao-11","status":"publish","type":"page","link":"https:\/\/panoramacritico.com\/revista\/edicoes-anteriores\/edicao-11\/","title":{"rendered":"Edi\u00e7\u00e3o #11"},"content":{"rendered":"\n<hr class=\"wp-block-separator has-text-color has-cyan-bluish-gray-color has-css-opacity has-cyan-bluish-gray-background-color has-background is-style-wide\"\/>\n\n\n\n<p>Mar\u00e7o de 2011<\/p>\n\n\n\n<div class=\"wp-block-media-text alignwide is-stacked-on-mobile is-vertically-aligned-top\" style=\"grid-template-columns:30% auto\"><figure class=\"wp-block-media-text__media\"><img loading=\"lazy\" decoding=\"async\" width=\"640\" height=\"1024\" src=\"https:\/\/panoramacritico.com\/revista\/wp-content\/uploads\/2021\/11\/Capa11-640x1024.jpg\" alt=\"\" class=\"wp-image-278 size-full\" srcset=\"https:\/\/panoramacritico.com\/revista\/wp-content\/uploads\/2021\/11\/Capa11-640x1024.jpg 640w, https:\/\/panoramacritico.com\/revista\/wp-content\/uploads\/2021\/11\/Capa11-188x300.jpg 188w, https:\/\/panoramacritico.com\/revista\/wp-content\/uploads\/2021\/11\/Capa11-768x1229.jpg 768w, https:\/\/panoramacritico.com\/revista\/wp-content\/uploads\/2021\/11\/Capa11-960x1536.jpg 960w, https:\/\/panoramacritico.com\/revista\/wp-content\/uploads\/2021\/11\/Capa11-1280x2048.jpg 1280w, https:\/\/panoramacritico.com\/revista\/wp-content\/uploads\/2021\/11\/Capa11-1024x1638.jpg 1024w, https:\/\/panoramacritico.com\/revista\/wp-content\/uploads\/2021\/11\/Capa11-675x1080.jpg 675w, https:\/\/panoramacritico.com\/revista\/wp-content\/uploads\/2021\/11\/Capa11-scaled.jpg 1600w\" sizes=\"auto, (max-width: 640px) 100vw, 640px\" \/><\/figure><div class=\"wp-block-media-text__content\">\n<p><strong>Artigos:<br><\/strong>Projeto Papel UFES: A viabilidade do uso de verbas p\u00fablicas para preserva\u00e7\u00e3o de bens culturais coletivos: uso e desdobramentos na hist\u00f3ria da arte &#8211; <em>Franquilandia G. R. Raft<\/em> <br>As Paredes de Rebecca Horn: O limite e a extens\u00e3o nas rela\u00e7\u00f5es corpo-espaciais &#8211; <em>Renan Marcondes<\/em> <br>Let\u00edcia Lampert e Rafael Pagatini: produ\u00e7\u00f5es art\u00edsticas que estendem a percep\u00e7\u00e3o contempor\u00e2nea do tempo. &#8211; <em>Talitha Bueno Motter<\/em><\/p>\n\n\n\n<p><strong>Ensaios:<br><\/strong>Barreiras derrubadas, segredos penetrados &#8211;<em> Daniela Blanco <\/em><br>Uma experi\u00eancia em\u2026 Dan\u00e7a? &#8211; <em>Paula Frassinetti Sampaio<\/em><\/p>\n\n\n\n<p><strong>Entrevistas:<br><\/strong>Andr\u00e9 Venzon &#8211; diretor do MAC\/RS<\/p>\n\n\n\n<p><strong>Ensaio Visual:<br><\/strong>Semin\u00e1rio Pr\u00e1ticas Art\u00edsticas e suas Inser\u00e7\u00f5es<\/p>\n\n\n\n<p>Dispon\u00edvel em:<br><a href=\"https:\/\/www.dropbox.com\/scl\/fi\/wlc7s6blrd6goh71ith3s\/PanoramaCr-tico-11_pdf.pdf?rlkey=ytjhrqcwbuvytaa4kru3clew0&amp;dl=1\" data-type=\"URL\" data-id=\"https:\/\/www.dropbox.com\/s\/7vskx2iqmp246wv\/PanoramaCr%C3%ADtico%2311_pdf.pdf?dl=1\">pdf<\/a>, <a href=\"https:\/\/www.dropbox.com\/scl\/fi\/cee6gowcl3ks1a7c8upgy\/Revista-PanoramaCritico-11-Panorama-Critico.epub?rlkey=bhuu5a6yzw1ozg1dal1ly5tbi&amp;st=rab1mw7v&amp;dl=1\" data-type=\"URL\" data-id=\"https:\/\/www.dropbox.com\/s\/ws4l4b0s4lqhsmn\/Revista%20PanoramaCritico%2011%20-%20Panorama%20Critico.epub?dl=1\">epub<\/a>, <a href=\"https:\/\/www.dropbox.com\/scl\/fi\/bh4l6svydpgl4zgyl49jc\/Revista-PanoramaCritico-11-Panorama-Critico.mobi?rlkey=p5099f9oa14b8kjnvyy5dpiqg&amp;st=r8dagqf1&amp;dl=1\" data-type=\"URL\" data-id=\"https:\/\/www.dropbox.com\/s\/kyzavzl9ark54kh\/Revista%20PanoramaCritico%2011%20-%20Panorama%20Critico.mobi?dl=1\">mobi<\/a><\/p>\n<\/div><\/div>\n\n\n\n<div class=\"wp-block-columns is-layout-flex wp-container-core-columns-is-layout-9d6595d7 wp-block-columns-is-layout-flex\">\n<div class=\"wp-block-column is-layout-flow wp-block-column-is-layout-flow\"><span class=\"sb_cl_prev_page sb_cl\">&#0171; <a href=\"https:\/\/panoramacritico.com\/revista\/edicoes-anteriores\/edicao-10\/\">Edi\u00e7\u00e3o #10<\/a><\/span>\n<\/div>\n\n\n\n<div class=\"wp-block-column is-layout-flow wp-block-column-is-layout-flow\">\n<\/div>\n<\/div>\n\n\n\n<div class=\"wp-block-buttons alignfull is-content-justification-center is-layout-flex wp-block-buttons-is-layout-flex\">\n<div class=\"wp-block-button is-style-outline is-style-outline--1\"><a class=\"wp-block-button__link\" href=\"https:\/\/panoramacritico.com\/revista\/edicoes-anteriores\/\">          Toda as edi\u00e7\u00f5es anteriores            <\/a><\/div>\n<\/div>\n","protected":false},"excerpt":{"rendered":"<p>Mar\u00e7o de 2011 Artigos:Projeto Papel UFES: A viabilidade do uso de verbas p\u00fablicas para preserva\u00e7\u00e3o de bens culturais coletivos: uso e desdobramentos na hist\u00f3ria da arte &#8211; Franquilandia G. R. Raft As Paredes de Rebecca Horn: O limite e a extens\u00e3o nas rela\u00e7\u00f5es corpo-espaciais &#8211; Renan Marcondes Let\u00edcia Lampert e Rafael Pagatini: produ\u00e7\u00f5es art\u00edsticas que [&hellip;]<\/p>\n","protected":false},"author":3,"featured_media":0,"parent":359,"menu_order":11,"comment_status":"closed","ping_status":"closed","template":"","meta":{"footnotes":""},"class_list":["post-338","page","type-page","status-publish","hentry","post"],"_links":{"self":[{"href":"https:\/\/panoramacritico.com\/revista\/wp-json\/wp\/v2\/pages\/338","targetHints":{"allow":["GET"]}}],"collection":[{"href":"https:\/\/panoramacritico.com\/revista\/wp-json\/wp\/v2\/pages"}],"about":[{"href":"https:\/\/panoramacritico.com\/revista\/wp-json\/wp\/v2\/types\/page"}],"author":[{"embeddable":true,"href":"https:\/\/panoramacritico.com\/revista\/wp-json\/wp\/v2\/users\/3"}],"replies":[{"embeddable":true,"href":"https:\/\/panoramacritico.com\/revista\/wp-json\/wp\/v2\/comments?post=338"}],"version-history":[{"count":13,"href":"https:\/\/panoramacritico.com\/revista\/wp-json\/wp\/v2\/pages\/338\/revisions"}],"predecessor-version":[{"id":4514,"href":"https:\/\/panoramacritico.com\/revista\/wp-json\/wp\/v2\/pages\/338\/revisions\/4514"}],"up":[{"embeddable":true,"href":"https:\/\/panoramacritico.com\/revista\/wp-json\/wp\/v2\/pages\/359"}],"wp:attachment":[{"href":"https:\/\/panoramacritico.com\/revista\/wp-json\/wp\/v2\/media?parent=338"}],"curies":[{"name":"wp","href":"https:\/\/api.w.org\/{rel}","templated":true}]}}