{"id":359,"date":"2021-11-10T21:23:24","date_gmt":"2021-11-10T21:23:24","guid":{"rendered":"https:\/\/panoramacritico.com\/revista\/?page_id=359"},"modified":"2021-12-01T19:23:34","modified_gmt":"2021-12-01T19:23:34","slug":"edicoes-anteriores","status":"publish","type":"page","link":"https:\/\/panoramacritico.com\/revista\/edicoes-anteriores\/","title":{"rendered":"Edi\u00e7\u00f5es Anteriores"},"content":{"rendered":"\n<hr class=\"wp-block-separator has-text-color has-background has-cyan-bluish-gray-background-color has-cyan-bluish-gray-color is-style-wide\"\/>\n\n\n\n<p class=\"has-black-color has-text-color\">Todas as edi\u00e7\u00f5es anteriores da revista.<\/p>\n\n\n\n<figure class=\"wp-block-gallery aligncenter columns-3 wp-block-gallery-1 is-layout-flex wp-block-gallery-is-layout-flex\"><ul class=\"blocks-gallery-grid\"><li class=\"blocks-gallery-item\"><figure><img loading=\"lazy\" decoding=\"async\" width=\"640\" height=\"1024\" src=\"https:\/\/panoramacritico.com\/revista\/wp-content\/uploads\/2021\/11\/Capa00-640x1024.jpg\" alt=\"\" data-id=\"268\" data-full-url=\"https:\/\/panoramacritico.com\/revista\/wp-content\/uploads\/2021\/11\/Capa00-scaled.jpg\" data-link=\"https:\/\/panoramacritico.com\/revista\/capa00\/\" class=\"wp-image-268\" srcset=\"https:\/\/panoramacritico.com\/revista\/wp-content\/uploads\/2021\/11\/Capa00-640x1024.jpg 640w, https:\/\/panoramacritico.com\/revista\/wp-content\/uploads\/2021\/11\/Capa00-188x300.jpg 188w, https:\/\/panoramacritico.com\/revista\/wp-content\/uploads\/2021\/11\/Capa00-768x1229.jpg 768w, https:\/\/panoramacritico.com\/revista\/wp-content\/uploads\/2021\/11\/Capa00-960x1536.jpg 960w, https:\/\/panoramacritico.com\/revista\/wp-content\/uploads\/2021\/11\/Capa00-1280x2048.jpg 1280w, https:\/\/panoramacritico.com\/revista\/wp-content\/uploads\/2021\/11\/Capa00-1024x1638.jpg 1024w, https:\/\/panoramacritico.com\/revista\/wp-content\/uploads\/2021\/11\/Capa00-675x1080.jpg 675w, https:\/\/panoramacritico.com\/revista\/wp-content\/uploads\/2021\/11\/Capa00-scaled.jpg 1600w\" sizes=\"auto, (max-width: 640px) 100vw, 640px\" \/><figcaption class=\"blocks-gallery-item__caption\"><a href=\"https:\/\/panoramacritico.com\/revista\/edicoes-anteriores\/edicao-00\/\" data-type=\"page\" data-id=\"279\"><strong>Edi\u00e7\u00e3o #00<\/strong><\/a><\/figcaption><\/figure><\/li><li class=\"blocks-gallery-item\"><figure><img loading=\"lazy\" decoding=\"async\" width=\"640\" height=\"1024\" src=\"https:\/\/panoramacritico.com\/revista\/wp-content\/uploads\/2021\/11\/Capa01-640x1024.jpg\" alt=\"\" data-id=\"269\" data-full-url=\"https:\/\/panoramacritico.com\/revista\/wp-content\/uploads\/2021\/11\/Capa01-scaled.jpg\" data-link=\"https:\/\/panoramacritico.com\/revista\/capa01\/\" class=\"wp-image-269\" srcset=\"https:\/\/panoramacritico.com\/revista\/wp-content\/uploads\/2021\/11\/Capa01-640x1024.jpg 640w, https:\/\/panoramacritico.com\/revista\/wp-content\/uploads\/2021\/11\/Capa01-188x300.jpg 188w, https:\/\/panoramacritico.com\/revista\/wp-content\/uploads\/2021\/11\/Capa01-768x1229.jpg 768w, https:\/\/panoramacritico.com\/revista\/wp-content\/uploads\/2021\/11\/Capa01-960x1536.jpg 960w, https:\/\/panoramacritico.com\/revista\/wp-content\/uploads\/2021\/11\/Capa01-1280x2048.jpg 1280w, https:\/\/panoramacritico.com\/revista\/wp-content\/uploads\/2021\/11\/Capa01-1024x1638.jpg 1024w, https:\/\/panoramacritico.com\/revista\/wp-content\/uploads\/2021\/11\/Capa01-675x1080.jpg 675w, https:\/\/panoramacritico.com\/revista\/wp-content\/uploads\/2021\/11\/Capa01-scaled.jpg 1600w\" sizes=\"auto, (max-width: 640px) 100vw, 640px\" \/><figcaption class=\"blocks-gallery-item__caption\"><a href=\"https:\/\/panoramacritico.com\/revista\/edicoes-anteriores\/edicao-01\/\" data-type=\"page\" data-id=\"284\"><strong>Edi\u00e7\u00e3o #01<\/strong><\/a><\/figcaption><\/figure><\/li><li class=\"blocks-gallery-item\"><figure><img loading=\"lazy\" decoding=\"async\" width=\"640\" height=\"1024\" src=\"https:\/\/panoramacritico.com\/revista\/wp-content\/uploads\/2021\/11\/Capa02-640x1024.jpg\" alt=\"\" data-id=\"270\" data-full-url=\"https:\/\/panoramacritico.com\/revista\/wp-content\/uploads\/2021\/11\/Capa02-scaled.jpg\" data-link=\"https:\/\/panoramacritico.com\/revista\/capa02\/\" class=\"wp-image-270\" srcset=\"https:\/\/panoramacritico.com\/revista\/wp-content\/uploads\/2021\/11\/Capa02-640x1024.jpg 640w, https:\/\/panoramacritico.com\/revista\/wp-content\/uploads\/2021\/11\/Capa02-188x300.jpg 188w, https:\/\/panoramacritico.com\/revista\/wp-content\/uploads\/2021\/11\/Capa02-768x1229.jpg 768w, https:\/\/panoramacritico.com\/revista\/wp-content\/uploads\/2021\/11\/Capa02-960x1536.jpg 960w, https:\/\/panoramacritico.com\/revista\/wp-content\/uploads\/2021\/11\/Capa02-scaled.jpg 1600w\" sizes=\"auto, (max-width: 640px) 100vw, 640px\" \/><figcaption class=\"blocks-gallery-item__caption\"><strong><a href=\"https:\/\/panoramacritico.com\/revista\/edicoes-anteriores\/edicao-02\/\" data-type=\"page\" data-id=\"289\">Edi\u00e7\u00e3o #02<\/a><\/strong><\/figcaption><\/figure><\/li><li class=\"blocks-gallery-item\"><figure><img loading=\"lazy\" decoding=\"async\" width=\"640\" height=\"1024\" src=\"https:\/\/panoramacritico.com\/revista\/wp-content\/uploads\/2021\/11\/Capa03-640x1024.jpg\" alt=\"\" data-id=\"271\" data-full-url=\"https:\/\/panoramacritico.com\/revista\/wp-content\/uploads\/2021\/11\/Capa03-scaled.jpg\" data-link=\"https:\/\/panoramacritico.com\/revista\/capa03\/\" class=\"wp-image-271\" srcset=\"https:\/\/panoramacritico.com\/revista\/wp-content\/uploads\/2021\/11\/Capa03-640x1024.jpg 640w, https:\/\/panoramacritico.com\/revista\/wp-content\/uploads\/2021\/11\/Capa03-188x300.jpg 188w, https:\/\/panoramacritico.com\/revista\/wp-content\/uploads\/2021\/11\/Capa03-768x1229.jpg 768w, https:\/\/panoramacritico.com\/revista\/wp-content\/uploads\/2021\/11\/Capa03-960x1536.jpg 960w, https:\/\/panoramacritico.com\/revista\/wp-content\/uploads\/2021\/11\/Capa03-1280x2048.jpg 1280w, https:\/\/panoramacritico.com\/revista\/wp-content\/uploads\/2021\/11\/Capa03-1024x1638.jpg 1024w, https:\/\/panoramacritico.com\/revista\/wp-content\/uploads\/2021\/11\/Capa03-675x1080.jpg 675w, https:\/\/panoramacritico.com\/revista\/wp-content\/uploads\/2021\/11\/Capa03-scaled.jpg 1600w\" sizes=\"auto, (max-width: 640px) 100vw, 640px\" \/><figcaption class=\"blocks-gallery-item__caption\"><a href=\"https:\/\/panoramacritico.com\/revista\/edicoes-anteriores\/edicao-03\/\" data-type=\"page\" data-id=\"293\"><strong>Edi\u00e7\u00e3o #03<\/strong><\/a><\/figcaption><\/figure><\/li><li class=\"blocks-gallery-item\"><figure><img loading=\"lazy\" decoding=\"async\" width=\"640\" height=\"1024\" src=\"https:\/\/panoramacritico.com\/revista\/wp-content\/uploads\/2021\/11\/Capa04-640x1024.jpg\" alt=\"\" data-id=\"272\" data-full-url=\"https:\/\/panoramacritico.com\/revista\/wp-content\/uploads\/2021\/11\/Capa04-scaled.jpg\" data-link=\"https:\/\/panoramacritico.com\/revista\/capa04\/\" class=\"wp-image-272\" srcset=\"https:\/\/panoramacritico.com\/revista\/wp-content\/uploads\/2021\/11\/Capa04-640x1024.jpg 640w, https:\/\/panoramacritico.com\/revista\/wp-content\/uploads\/2021\/11\/Capa04-188x300.jpg 188w, https:\/\/panoramacritico.com\/revista\/wp-content\/uploads\/2021\/11\/Capa04-768x1229.jpg 768w, https:\/\/panoramacritico.com\/revista\/wp-content\/uploads\/2021\/11\/Capa04-960x1536.jpg 960w, https:\/\/panoramacritico.com\/revista\/wp-content\/uploads\/2021\/11\/Capa04-1280x2048.jpg 1280w, https:\/\/panoramacritico.com\/revista\/wp-content\/uploads\/2021\/11\/Capa04-1024x1638.jpg 1024w, https:\/\/panoramacritico.com\/revista\/wp-content\/uploads\/2021\/11\/Capa04-675x1080.jpg 675w, https:\/\/panoramacritico.com\/revista\/wp-content\/uploads\/2021\/11\/Capa04-scaled.jpg 1600w\" sizes=\"auto, (max-width: 640px) 100vw, 640px\" \/><figcaption class=\"blocks-gallery-item__caption\"><a href=\"https:\/\/panoramacritico.com\/revista\/edicoes-anteriores\/edicao-04\/\" data-type=\"page\" data-id=\"303\"><strong>Edi\u00e7\u00e3o #04<\/strong><\/a><\/figcaption><\/figure><\/li><li class=\"blocks-gallery-item\"><figure><img loading=\"lazy\" decoding=\"async\" width=\"640\" height=\"1024\" src=\"https:\/\/panoramacritico.com\/revista\/wp-content\/uploads\/2021\/11\/Capa05-640x1024.jpg\" alt=\"\" data-id=\"273\" data-full-url=\"https:\/\/panoramacritico.com\/revista\/wp-content\/uploads\/2021\/11\/Capa05-scaled.jpg\" data-link=\"https:\/\/panoramacritico.com\/revista\/capa05\/\" class=\"wp-image-273\" srcset=\"https:\/\/panoramacritico.com\/revista\/wp-content\/uploads\/2021\/11\/Capa05-640x1024.jpg 640w, https:\/\/panoramacritico.com\/revista\/wp-content\/uploads\/2021\/11\/Capa05-188x300.jpg 188w, https:\/\/panoramacritico.com\/revista\/wp-content\/uploads\/2021\/11\/Capa05-768x1229.jpg 768w, https:\/\/panoramacritico.com\/revista\/wp-content\/uploads\/2021\/11\/Capa05-960x1536.jpg 960w, https:\/\/panoramacritico.com\/revista\/wp-content\/uploads\/2021\/11\/Capa05-1280x2048.jpg 1280w, https:\/\/panoramacritico.com\/revista\/wp-content\/uploads\/2021\/11\/Capa05-1024x1638.jpg 1024w, https:\/\/panoramacritico.com\/revista\/wp-content\/uploads\/2021\/11\/Capa05-675x1080.jpg 675w, https:\/\/panoramacritico.com\/revista\/wp-content\/uploads\/2021\/11\/Capa05-scaled.jpg 1600w\" sizes=\"auto, (max-width: 640px) 100vw, 640px\" \/><figcaption class=\"blocks-gallery-item__caption\"><strong><a href=\"https:\/\/panoramacritico.com\/revista\/edicoes-anteriores\/edicao-05\/\" data-type=\"page\" data-id=\"306\">Edi\u00e7\u00e3o #05<\/a><\/strong><\/figcaption><\/figure><\/li><li class=\"blocks-gallery-item\"><figure><img loading=\"lazy\" decoding=\"async\" width=\"640\" height=\"1024\" src=\"https:\/\/panoramacritico.com\/revista\/wp-content\/uploads\/2021\/11\/Capa06-640x1024.jpg\" alt=\"\" data-id=\"274\" data-full-url=\"https:\/\/panoramacritico.com\/revista\/wp-content\/uploads\/2021\/11\/Capa06-scaled.jpg\" data-link=\"https:\/\/panoramacritico.com\/revista\/capa06\/\" class=\"wp-image-274\" srcset=\"https:\/\/panoramacritico.com\/revista\/wp-content\/uploads\/2021\/11\/Capa06-640x1024.jpg 640w, https:\/\/panoramacritico.com\/revista\/wp-content\/uploads\/2021\/11\/Capa06-188x300.jpg 188w, https:\/\/panoramacritico.com\/revista\/wp-content\/uploads\/2021\/11\/Capa06-768x1229.jpg 768w, https:\/\/panoramacritico.com\/revista\/wp-content\/uploads\/2021\/11\/Capa06-960x1536.jpg 960w, https:\/\/panoramacritico.com\/revista\/wp-content\/uploads\/2021\/11\/Capa06-1280x2048.jpg 1280w, https:\/\/panoramacritico.com\/revista\/wp-content\/uploads\/2021\/11\/Capa06-1024x1638.jpg 1024w, https:\/\/panoramacritico.com\/revista\/wp-content\/uploads\/2021\/11\/Capa06-675x1080.jpg 675w, https:\/\/panoramacritico.com\/revista\/wp-content\/uploads\/2021\/11\/Capa06-scaled.jpg 1600w\" sizes=\"auto, (max-width: 640px) 100vw, 640px\" \/><figcaption class=\"blocks-gallery-item__caption\"><strong><a href=\"https:\/\/panoramacritico.com\/revista\/edicoes-anteriores\/edicao-06\/\" data-type=\"page\" data-id=\"311\">Edi\u00e7\u00e3o #06<\/a><\/strong><\/figcaption><\/figure><\/li><li class=\"blocks-gallery-item\"><figure><img loading=\"lazy\" decoding=\"async\" width=\"640\" height=\"1024\" src=\"https:\/\/panoramacritico.com\/revista\/wp-content\/uploads\/2021\/11\/Capa07-640x1024.jpg\" alt=\"\" data-id=\"275\" data-full-url=\"https:\/\/panoramacritico.com\/revista\/wp-content\/uploads\/2021\/11\/Capa07-scaled.jpg\" data-link=\"https:\/\/panoramacritico.com\/revista\/capa07\/\" class=\"wp-image-275\" srcset=\"https:\/\/panoramacritico.com\/revista\/wp-content\/uploads\/2021\/11\/Capa07-640x1024.jpg 640w, https:\/\/panoramacritico.com\/revista\/wp-content\/uploads\/2021\/11\/Capa07-188x300.jpg 188w, https:\/\/panoramacritico.com\/revista\/wp-content\/uploads\/2021\/11\/Capa07-768x1229.jpg 768w, https:\/\/panoramacritico.com\/revista\/wp-content\/uploads\/2021\/11\/Capa07-960x1536.jpg 960w, https:\/\/panoramacritico.com\/revista\/wp-content\/uploads\/2021\/11\/Capa07-1280x2048.jpg 1280w, https:\/\/panoramacritico.com\/revista\/wp-content\/uploads\/2021\/11\/Capa07-1024x1638.jpg 1024w, https:\/\/panoramacritico.com\/revista\/wp-content\/uploads\/2021\/11\/Capa07-675x1080.jpg 675w, https:\/\/panoramacritico.com\/revista\/wp-content\/uploads\/2021\/11\/Capa07-scaled.jpg 1600w\" sizes=\"auto, (max-width: 640px) 100vw, 640px\" \/><figcaption class=\"blocks-gallery-item__caption\"><strong><a href=\"https:\/\/panoramacritico.com\/revista\/edicoes-anteriores\/edicao-07\/\" data-type=\"page\" data-id=\"321\">Edi\u00e7\u00e3o #07<\/a><\/strong><\/figcaption><\/figure><\/li><li class=\"blocks-gallery-item\"><figure><img loading=\"lazy\" decoding=\"async\" width=\"640\" height=\"1024\" src=\"https:\/\/panoramacritico.com\/revista\/wp-content\/uploads\/2021\/11\/Capa0809-640x1024.jpg\" alt=\"\" data-id=\"276\" data-full-url=\"https:\/\/panoramacritico.com\/revista\/wp-content\/uploads\/2021\/11\/Capa0809-scaled.jpg\" data-link=\"https:\/\/panoramacritico.com\/revista\/capa0809\/\" class=\"wp-image-276\" srcset=\"https:\/\/panoramacritico.com\/revista\/wp-content\/uploads\/2021\/11\/Capa0809-640x1024.jpg 640w, https:\/\/panoramacritico.com\/revista\/wp-content\/uploads\/2021\/11\/Capa0809-188x300.jpg 188w, https:\/\/panoramacritico.com\/revista\/wp-content\/uploads\/2021\/11\/Capa0809-768x1229.jpg 768w, https:\/\/panoramacritico.com\/revista\/wp-content\/uploads\/2021\/11\/Capa0809-960x1536.jpg 960w, https:\/\/panoramacritico.com\/revista\/wp-content\/uploads\/2021\/11\/Capa0809-1280x2048.jpg 1280w, https:\/\/panoramacritico.com\/revista\/wp-content\/uploads\/2021\/11\/Capa0809-1024x1638.jpg 1024w, https:\/\/panoramacritico.com\/revista\/wp-content\/uploads\/2021\/11\/Capa0809-675x1080.jpg 675w, https:\/\/panoramacritico.com\/revista\/wp-content\/uploads\/2021\/11\/Capa0809-scaled.jpg 1600w\" sizes=\"auto, (max-width: 640px) 100vw, 640px\" \/><figcaption class=\"blocks-gallery-item__caption\"><strong><a href=\"https:\/\/panoramacritico.com\/revista\/edicoes-anteriores\/edicao-08-09\/\" data-type=\"page\" data-id=\"327\">Edi\u00e7\u00e3o #08<\/a><\/strong><\/figcaption><\/figure><\/li><li class=\"blocks-gallery-item\"><figure><img loading=\"lazy\" decoding=\"async\" width=\"640\" height=\"1024\" src=\"https:\/\/panoramacritico.com\/revista\/wp-content\/uploads\/2021\/11\/Capa10-640x1024.jpg\" alt=\"\" data-id=\"277\" data-full-url=\"https:\/\/panoramacritico.com\/revista\/wp-content\/uploads\/2021\/11\/Capa10-scaled.jpg\" data-link=\"https:\/\/panoramacritico.com\/revista\/capa10\/\" class=\"wp-image-277\" srcset=\"https:\/\/panoramacritico.com\/revista\/wp-content\/uploads\/2021\/11\/Capa10-640x1024.jpg 640w, https:\/\/panoramacritico.com\/revista\/wp-content\/uploads\/2021\/11\/Capa10-188x300.jpg 188w, https:\/\/panoramacritico.com\/revista\/wp-content\/uploads\/2021\/11\/Capa10-768x1229.jpg 768w, https:\/\/panoramacritico.com\/revista\/wp-content\/uploads\/2021\/11\/Capa10-960x1536.jpg 960w, https:\/\/panoramacritico.com\/revista\/wp-content\/uploads\/2021\/11\/Capa10-1280x2048.jpg 1280w, https:\/\/panoramacritico.com\/revista\/wp-content\/uploads\/2021\/11\/Capa10-1024x1638.jpg 1024w, https:\/\/panoramacritico.com\/revista\/wp-content\/uploads\/2021\/11\/Capa10-675x1080.jpg 675w, https:\/\/panoramacritico.com\/revista\/wp-content\/uploads\/2021\/11\/Capa10-scaled.jpg 1600w\" sizes=\"auto, (max-width: 640px) 100vw, 640px\" \/><figcaption class=\"blocks-gallery-item__caption\"><strong><a href=\"https:\/\/panoramacritico.com\/revista\/edicoes-anteriores\/edicao-10\/\" data-type=\"page\" data-id=\"334\">Edi\u00e7\u00e3o #10<\/a><\/strong><\/figcaption><\/figure><\/li><li class=\"blocks-gallery-item\"><figure><img loading=\"lazy\" decoding=\"async\" width=\"640\" height=\"1024\" src=\"https:\/\/panoramacritico.com\/revista\/wp-content\/uploads\/2021\/11\/Capa11-640x1024.jpg\" alt=\"\" data-id=\"278\" data-full-url=\"https:\/\/panoramacritico.com\/revista\/wp-content\/uploads\/2021\/11\/Capa11-scaled.jpg\" data-link=\"https:\/\/panoramacritico.com\/revista\/capa11\/\" class=\"wp-image-278\" srcset=\"https:\/\/panoramacritico.com\/revista\/wp-content\/uploads\/2021\/11\/Capa11-640x1024.jpg 640w, https:\/\/panoramacritico.com\/revista\/wp-content\/uploads\/2021\/11\/Capa11-188x300.jpg 188w, https:\/\/panoramacritico.com\/revista\/wp-content\/uploads\/2021\/11\/Capa11-768x1229.jpg 768w, https:\/\/panoramacritico.com\/revista\/wp-content\/uploads\/2021\/11\/Capa11-960x1536.jpg 960w, https:\/\/panoramacritico.com\/revista\/wp-content\/uploads\/2021\/11\/Capa11-1280x2048.jpg 1280w, https:\/\/panoramacritico.com\/revista\/wp-content\/uploads\/2021\/11\/Capa11-1024x1638.jpg 1024w, https:\/\/panoramacritico.com\/revista\/wp-content\/uploads\/2021\/11\/Capa11-675x1080.jpg 675w, https:\/\/panoramacritico.com\/revista\/wp-content\/uploads\/2021\/11\/Capa11-scaled.jpg 1600w\" sizes=\"auto, (max-width: 640px) 100vw, 640px\" \/><figcaption class=\"blocks-gallery-item__caption\"><strong><a href=\"https:\/\/panoramacritico.com\/revista\/edicoes-anteriores\/edicao-11\/\" data-type=\"page\" data-id=\"338\">Edi\u00e7\u00e3o #11<\/a><\/strong><\/figcaption><\/figure><\/li><\/ul><figcaption class=\"blocks-gallery-caption\">Todas as edi\u00e7\u00f5es<\/figcaption><\/figure>\n\n\n<ul><li><a href=\"https:\/\/panoramacritico.com\/revista\/edicoes-anteriores\/edicao-00\/\" class=\"\">Edi\u00e7\u00e3o #00<\/a><\/li><li><a href=\"https:\/\/panoramacritico.com\/revista\/edicoes-anteriores\/edicao-01\/\" class=\"\">Edi\u00e7\u00e3o #01<\/a><\/li><li><a href=\"https:\/\/panoramacritico.com\/revista\/edicoes-anteriores\/edicao-02\/\" class=\"\">Edi\u00e7\u00e3o #02<\/a><\/li><li><a href=\"https:\/\/panoramacritico.com\/revista\/edicoes-anteriores\/edicao-03\/\" class=\"\">Edi\u00e7\u00e3o #03<\/a><\/li><li><a href=\"https:\/\/panoramacritico.com\/revista\/edicoes-anteriores\/edicao-04\/\" class=\"\">Edi\u00e7\u00e3o #04<\/a><\/li><li><a href=\"https:\/\/panoramacritico.com\/revista\/edicoes-anteriores\/edicao-05\/\" class=\"\">Edi\u00e7\u00e3o #05<\/a><\/li><li><a href=\"https:\/\/panoramacritico.com\/revista\/edicoes-anteriores\/edicao-06\/\" class=\"\">Edi\u00e7\u00e3o #06<\/a><\/li><li><a href=\"https:\/\/panoramacritico.com\/revista\/edicoes-anteriores\/edicao-07\/\" class=\"\">Edi\u00e7\u00e3o #07<\/a><\/li><li><a href=\"https:\/\/panoramacritico.com\/revista\/edicoes-anteriores\/edicao-08-09\/\" class=\"\">Edi\u00e7\u00e3o #08 & 09<\/a><\/li><li><a href=\"https:\/\/panoramacritico.com\/revista\/edicoes-anteriores\/edicao-10\/\" class=\"\">Edi\u00e7\u00e3o #10<\/a><\/li><li><a href=\"https:\/\/panoramacritico.com\/revista\/edicoes-anteriores\/edicao-11\/\" class=\"\">Edi\u00e7\u00e3o #11<\/a><\/li><\/ul>\n\n\n\n<p><\/p>\n","protected":false},"excerpt":{"rendered":"<p>Todas as edi\u00e7\u00f5es anteriores da Revista Panorama Cr\u00edtico<\/p>\n","protected":false},"author":1,"featured_media":278,"parent":0,"menu_order":0,"comment_status":"closed","ping_status":"closed","template":"","meta":{"footnotes":""},"class_list":["post-359","page","type-page","status-publish","has-post-thumbnail","hentry","post"],"_links":{"self":[{"href":"https:\/\/panoramacritico.com\/revista\/wp-json\/wp\/v2\/pages\/359","targetHints":{"allow":["GET"]}}],"collection":[{"href":"https:\/\/panoramacritico.com\/revista\/wp-json\/wp\/v2\/pages"}],"about":[{"href":"https:\/\/panoramacritico.com\/revista\/wp-json\/wp\/v2\/types\/page"}],"author":[{"embeddable":true,"href":"https:\/\/panoramacritico.com\/revista\/wp-json\/wp\/v2\/users\/1"}],"replies":[{"embeddable":true,"href":"https:\/\/panoramacritico.com\/revista\/wp-json\/wp\/v2\/comments?post=359"}],"version-history":[{"count":16,"href":"https:\/\/panoramacritico.com\/revista\/wp-json\/wp\/v2\/pages\/359\/revisions"}],"predecessor-version":[{"id":1424,"href":"https:\/\/panoramacritico.com\/revista\/wp-json\/wp\/v2\/pages\/359\/revisions\/1424"}],"wp:featuredmedia":[{"embeddable":true,"href":"https:\/\/panoramacritico.com\/revista\/wp-json\/wp\/v2\/media\/278"}],"wp:attachment":[{"href":"https:\/\/panoramacritico.com\/revista\/wp-json\/wp\/v2\/media?parent=359"}],"curies":[{"name":"wp","href":"https:\/\/api.w.org\/{rel}","templated":true}]}}