{"id":93,"date":"2021-11-01T19:20:28","date_gmt":"2021-11-01T19:20:28","guid":{"rendered":"http:\/\/br1056.teste.website\/~panor514\/revista.panoramacritico.com\/one-page-express\/"},"modified":"2023-10-10T20:23:40","modified_gmt":"2023-10-10T20:23:40","slug":"one-page-express","status":"publish","type":"page","link":"https:\/\/panoramacritico.com\/revista\/","title":{"rendered":"Panorama Cr\u00edtico"},"content":{"rendered":"\n<div class=\"wp-block-cover alignfull has-custom-content-position is-position-top-center\" style=\"min-height:440px;aspect-ratio:unset;\"><span aria-hidden=\"true\" class=\"wp-block-cover__background has-background-dim-20 has-background-dim\"><\/span><img loading=\"lazy\" decoding=\"async\" width=\"3261\" height=\"512\" class=\"wp-block-cover__image-background wp-image-3614\" alt=\"\" src=\"https:\/\/panoramacritico.com\/revista\/wp-content\/uploads\/2023\/10\/Design-sem-nome.png\" data-object-fit=\"cover\" srcset=\"https:\/\/panoramacritico.com\/revista\/wp-content\/uploads\/2023\/10\/Design-sem-nome.png 3261w, https:\/\/panoramacritico.com\/revista\/wp-content\/uploads\/2023\/10\/Design-sem-nome-300x47.png 300w, https:\/\/panoramacritico.com\/revista\/wp-content\/uploads\/2023\/10\/Design-sem-nome-1024x161.png 1024w, https:\/\/panoramacritico.com\/revista\/wp-content\/uploads\/2023\/10\/Design-sem-nome-768x121.png 768w, https:\/\/panoramacritico.com\/revista\/wp-content\/uploads\/2023\/10\/Design-sem-nome-1536x241.png 1536w, https:\/\/panoramacritico.com\/revista\/wp-content\/uploads\/2023\/10\/Design-sem-nome-2048x322.png 2048w, https:\/\/panoramacritico.com\/revista\/wp-content\/uploads\/2023\/10\/Design-sem-nome-150x24.png 150w\" sizes=\"auto, (max-width: 3261px) 100vw, 3261px\" \/><div class=\"wp-block-cover__inner-container is-layout-flow wp-block-cover-is-layout-flow\">\n<div class=\"wp-block-buttons is-horizontal is-content-justification-space-between is-layout-flex wp-container-core-buttons-is-layout-531c6231 wp-block-buttons-is-layout-flex\">\n<div class=\"wp-block-button has-custom-font-size is-style-fill has-medium-font-size\"><a class=\"wp-block-button__link has-white-color has-vivid-red-background-color has-text-color has-background wp-element-button\" href=\"https:\/\/panoramacritico.com\/revista\/podcast\/\" style=\"border-radius:100px\">Ou\u00e7a agora todos os epis\u00f3dios do <strong>podcast<\/strong><\/a><\/div>\n<\/div>\n<\/div><\/div>\n\n\n\n<div class=\"wp-block-media-text alignfull has-media-on-the-right is-stacked-on-mobile is-vertically-aligned-center has-white-color has-text-color has-background\" style=\"background-color:#878b8e;grid-template-columns:auto 74%\"><div class=\"wp-block-media-text__content\">\n<h2 class=\"wp-block-heading has-text-align-right has-white-color has-text-color\">Publique Conosco!<\/h2>\n\n\n\n<p class=\"has-text-align-right has-white-color has-text-color\">Quer publicar?<br>Traga seu projeto para a Panorama Cr\u00edtico!<\/p>\n\n\n\n<div class=\"wp-block-buttons is-horizontal is-content-justification-right is-layout-flex wp-container-core-buttons-is-layout-ae2fe186 wp-block-buttons-is-layout-flex\">\n<div class=\"wp-block-button is-style-outline is-style-outline--1\"><a class=\"wp-block-button__link wp-element-button\" href=\"https:\/\/panoramacritico.com\/revista\/publique-conosco\/\" target=\"_blank\" rel=\"noreferrer noopener\">Publique<\/a><\/div>\n<\/div>\n<\/div><figure class=\"wp-block-media-text__media\"><img loading=\"lazy\" decoding=\"async\" width=\"1024\" height=\"323\" src=\"https:\/\/panoramacritico.com\/revista\/wp-content\/uploads\/2021\/11\/LIVRO_CAB4-1024x323.jpg\" alt=\"\" class=\"wp-image-466 size-full\" srcset=\"https:\/\/panoramacritico.com\/revista\/wp-content\/uploads\/2021\/11\/LIVRO_CAB4-1024x323.jpg 1024w, https:\/\/panoramacritico.com\/revista\/wp-content\/uploads\/2021\/11\/LIVRO_CAB4-300x95.jpg 300w, https:\/\/panoramacritico.com\/revista\/wp-content\/uploads\/2021\/11\/LIVRO_CAB4-768x243.jpg 768w, https:\/\/panoramacritico.com\/revista\/wp-content\/uploads\/2021\/11\/LIVRO_CAB4-1536x485.jpg 1536w, https:\/\/panoramacritico.com\/revista\/wp-content\/uploads\/2021\/11\/LIVRO_CAB4-2048x647.jpg 2048w\" sizes=\"auto, (max-width: 1024px) 100vw, 1024px\" \/><\/figure><\/div>\n\n\n\n<div class=\"wp-block-media-text alignfull is-stacked-on-mobile is-image-fill has-background\" style=\"background:linear-gradient(90deg,rgb(255,255,255) 0%,rgb(255,255,255) 60%,rgb(169,184,195) 100%);grid-template-columns:46% auto\"><figure class=\"wp-block-media-text__media\" style=\"background-image:url(https:\/\/panoramacritico.com\/revista\/wp-content\/uploads\/2021\/10\/PanoramaCritico_card_01@2x-1024x1024.png);background-position:50% 50%\"><img loading=\"lazy\" decoding=\"async\" width=\"1024\" height=\"1024\" src=\"https:\/\/panoramacritico.com\/revista\/wp-content\/uploads\/2021\/10\/PanoramaCritico_card_01@2x-1024x1024.png\" alt=\"\" class=\"wp-image-56 size-full\" srcset=\"https:\/\/panoramacritico.com\/revista\/wp-content\/uploads\/2021\/10\/PanoramaCritico_card_01@2x-1024x1024.png 1024w, https:\/\/panoramacritico.com\/revista\/wp-content\/uploads\/2021\/10\/PanoramaCritico_card_01@2x-300x300.png 300w, https:\/\/panoramacritico.com\/revista\/wp-content\/uploads\/2021\/10\/PanoramaCritico_card_01@2x-150x150.png 150w, https:\/\/panoramacritico.com\/revista\/wp-content\/uploads\/2021\/10\/PanoramaCritico_card_01@2x-768x768.png 768w, https:\/\/panoramacritico.com\/revista\/wp-content\/uploads\/2021\/10\/PanoramaCritico_card_01@2x-1536x1536.png 1536w, https:\/\/panoramacritico.com\/revista\/wp-content\/uploads\/2021\/10\/PanoramaCritico_card_01@2x.png 1601w\" sizes=\"auto, (max-width: 1024px) 100vw, 1024px\" \/><\/figure><div class=\"wp-block-media-text__content\">\n<h2 class=\"wp-block-heading\">Contribua<\/h2>\n\n\n\n<p>A Revista Panorama Cr\u00edtico necessita de sua apoio!<\/p>\n\n\n\n<div class=\"wp-block-buttons is-layout-flex wp-block-buttons-is-layout-flex\">\n<div class=\"wp-block-button is-style-outline is-style-outline--2\"><a class=\"wp-block-button__link wp-element-button\" href=\"https:\/\/panoramacritico.com\/revista\/contribua\/\" target=\"_blank\" rel=\"noreferrer noopener\">Colabore<\/a><\/div>\n<\/div>\n<\/div><\/div>\n\n\n\n<div class=\"wp-block-media-text alignfull is-stacked-on-mobile is-vertically-aligned-center has-white-color has-black-background-color has-text-color has-background\" style=\"grid-template-columns:21% auto\"><figure class=\"wp-block-media-text__media\"><a href=\"https:\/\/panoramacritico.com\/revista\/quem-somos\/\"><img decoding=\"async\" src=\"https:\/\/panoramacritico.com\/revista\/wp-content\/uploads\/2021\/11\/SubmissaoPanorama.jpg\" alt=\"\" class=\"wp-image-556 size-full\"\/><\/a><\/figure><div class=\"wp-block-media-text__content\">\n<h2 class=\"wp-block-heading has-white-color has-text-color\">Quem Somos<\/h2>\n\n\n\n<p><em><strong>Qual a\u00e7\u00e3o \u00e9 poss\u00edvel do lugar de onde estamos?<br><\/strong><\/em>Foi partindo desse questionamento que a Panorama Cr\u00edtico surgiu.<br>Transformamos em a\u00e7\u00e3o o desejo de resistir e pertencer&#8230; <\/p>\n<\/div><\/div>\n\n\n\n<p><\/p>\n","protected":false},"excerpt":{"rendered":"<p>Podcast<\/p>\n","protected":false},"author":1,"featured_media":776,"parent":0,"menu_order":0,"comment_status":"closed","ping_status":"closed","template":"home-panels.php","meta":{"footnotes":""},"class_list":["post-93","page","type-page","status-publish","has-post-thumbnail","hentry","post","post-with-thumbnail","post-with-thumbnail-large"],"_links":{"self":[{"href":"https:\/\/panoramacritico.com\/revista\/wp-json\/wp\/v2\/pages\/93","targetHints":{"allow":["GET"]}}],"collection":[{"href":"https:\/\/panoramacritico.com\/revista\/wp-json\/wp\/v2\/pages"}],"about":[{"href":"https:\/\/panoramacritico.com\/revista\/wp-json\/wp\/v2\/types\/page"}],"author":[{"embeddable":true,"href":"https:\/\/panoramacritico.com\/revista\/wp-json\/wp\/v2\/users\/1"}],"replies":[{"embeddable":true,"href":"https:\/\/panoramacritico.com\/revista\/wp-json\/wp\/v2\/comments?post=93"}],"version-history":[{"count":104,"href":"https:\/\/panoramacritico.com\/revista\/wp-json\/wp\/v2\/pages\/93\/revisions"}],"predecessor-version":[{"id":3644,"href":"https:\/\/panoramacritico.com\/revista\/wp-json\/wp\/v2\/pages\/93\/revisions\/3644"}],"wp:featuredmedia":[{"embeddable":true,"href":"https:\/\/panoramacritico.com\/revista\/wp-json\/wp\/v2\/media\/776"}],"wp:attachment":[{"href":"https:\/\/panoramacritico.com\/revista\/wp-json\/wp\/v2\/media?parent=93"}],"curies":[{"name":"wp","href":"https:\/\/api.w.org\/{rel}","templated":true}]}}